{"id":35545,"date":"2019-03-07T11:11:33","date_gmt":"2019-03-07T11:11:33","guid":{"rendered":"https:\/\/stagingphimostop.sansalia.com\/contacts\/"},"modified":"2024-03-10T11:40:50","modified_gmt":"2024-03-10T11:40:50","slug":"contact","status":"publish","type":"page","link":"https:\/\/stagingphimostop.sansalia.com\/fr\/contact\/","title":{"rendered":"Contact"},"content":{"rendered":"<section class=\"wpb-content-wrapper\"><p>[vc_row full_width=\u00a0\u00bbstretch_row\u00a0\u00bb css=\u00a0\u00bb.vc_custom_1676621647805{margin-bottom: -90px !important;padding-top: 0px !important;padding-bottom: 90px !important;background-color: #f5f5f5 !important;}\u00a0\u00bb][vc_column width=\u00a0\u00bb7\/12&Prime;]\t<div class=\"container main-heading-container\">\n\t\t<div class=\"main-title \">\n\t\t\t<h2>Contact<\/h2><p>Si vous avez des questions sur le phimosis ou Phimostop, notre \u00e9quipe d'experts est pr\u00eate \u00e0 vous aider. N'h\u00e9sitez pas \u00e0 nous contacter en utilisant le formulaire ci-dessous. Nous sommes l\u00e0 pour vous offrir le soutien et les r\u00e9ponses dont vous avez besoin pour atteindre la sant\u00e9 sexuelle que vous m\u00e9ritez.<\/p>\t\t<\/div>\n\t<\/div>\n\t[vc_column_text css=\u00a0\u00bb.vc_custom_1695851734182{padding-right: 15px !important;padding-left: 15px !important;}\u00a0\u00bb]<small>Les donn\u00e9es envoy\u00e9es par courrier \u00e9lectronique sont trait\u00e9es conform\u00e9ment \u00e0 l&rsquo;article 13 du d\u00e9cret l\u00e9gislatif. No.196\/2003, donc :<\/small><\/p>\n<ol style=\"margin-top: -15px;\">\n<li><small>Les donn\u00e9es personnelles ne seront pas utilis\u00e9es pour l&rsquo;envoi de mat\u00e9riel publicitaire, de promotions ou autres.<\/small><\/li>\n<li><small>Les donn\u00e9es fournies seront trait\u00e9es uniquement et exclusivement dans le but de fournir le service demand\u00e9 de la meilleure fa\u00e7on possible.<\/small><\/li>\n<li><small>Les donn\u00e9es seront trait\u00e9es de la mani\u00e8re suivante : par voie informatique.<\/small><\/li>\n<li><small>Les donn\u00e9es ne seront pas divulgu\u00e9es \u00e0 d&rsquo;autres parties, ni diffus\u00e9es.<\/small><\/li>\n<li><small>L&rsquo;indication du nom de l&rsquo;exp\u00e9diteur lors de l&rsquo;envoi de courriers \u00e9lectroniques est obligatoire ;<\/small><\/li>\n<\/ol>\n<p>[\/vc_column_text][\/vc_column][vc_column width=\u00a0\u00bb5\/12&Prime;]\t<div class=\"contact-get\">\n\t\t\t\t\t<div class=\"main-title\">\n\t\t\t\t<p>Si vous souhaitez nous contacter directement, veuillez utiliser les coordonn\u00e9es indiqu\u00e9es, nous vous r\u00e9pondrons dans les plus brefs d\u00e9lais. Nous sommes \u00e0 votre enti\u00e8re disposition !<\/p>\t\t\t<\/div>\n\t\t\t\t<div class=\"get-in-touch\">\n\t\t\t<div class=\"detail\">\n\t\t\t\t<span><b>Email:<\/b> <a href=\"mailto:customer@phimostop.com\">&#99;u&#115;&#116;&#111;mer&#64;&#112;h&#105;&#109;o&#115;top.&#99;&#111;&#109;<\/a><\/span><span><b>Website:<\/b> <a href=\"https:\/\/stagingphimostop.sansalia.com\" target=\"_blank\">https:\/\/stagingphimostop.sansalia.com<\/a><\/span><span><b>Address:<\/b> Via Acusilao, 46, 00124 Roma<\/span>\t\t\t<\/div>\n\t\t\t\t\t<\/div>\n\t<\/div>\n\t[\/vc_column][\/vc_row]<\/p>\n<\/section>","protected":false},"excerpt":{"rendered":"<p>[vc_row full_width=\u00a0\u00bbstretch_row\u00a0\u00bb css=\u00a0\u00bb.vc_custom_1676621647805{margin-bottom: -90px !important;padding-top: 0px !important;padding-bottom: 90px !important;background-color: #f5f5f5 !important;}\u00a0\u00bb][vc_column width=\u00a0\u00bb7\/12&Prime;][vc_column_text css=\u00a0\u00bb.vc_custom_1695851734182{padding-right: 15px !important;padding-left: 15px !important;}\u00a0\u00bb]Les donn\u00e9es envoy\u00e9es par courrier \u00e9lectronique sont trait\u00e9es conform\u00e9ment \u00e0 l&rsquo;article 13 du d\u00e9cret l\u00e9gislatif. No.196\/2003, donc : Les donn\u00e9es personnelles ne seront pas utilis\u00e9es pour l&rsquo;envoi de mat\u00e9riel publicitaire, de promotions ou autres. Les donn\u00e9es fournies seront trait\u00e9es uniquement et exclusivement dans le but de fournir le service demand\u00e9 de la meilleure fa\u00e7on possible. Les donn\u00e9es seront trait\u00e9es de la mani\u00e8re suivante : par voie informatique. Les donn\u00e9es ne seront pas divulgu\u00e9es \u00e0 d&rsquo;autres parties, ni diffus\u00e9es. L&rsquo;indication du nom de l&rsquo;exp\u00e9diteur lors de l&rsquo;envoi de courriers \u00e9lectroniques est obligatoire ; [\/vc_column_text][\/vc_column][vc_column width=\u00a0\u00bb5\/12&Prime;][\/vc_column][\/vc_row]<\/p>\n","protected":false},"author":1,"featured_media":0,"parent":0,"menu_order":0,"comment_status":"closed","ping_status":"closed","template":"page-templates\/full-width.php","meta":{"_acf_changed":false,"wl_entities_gutenberg":"","footnotes":""},"wl_entity_type":[128],"class_list":["post-35545","page","type-page","status-publish","hentry","wl_entity_type-article"],"yoast_head":"<!-- This site is optimized with the Yoast SEO plugin v24.6 - https:\/\/yoast.com\/wordpress\/plugins\/seo\/ -->\n<title>Contact | Phimostop<\/title>\n<meta name=\"robots\" content=\"index, follow, max-snippet:-1, max-image-preview:large, max-video-preview:-1\" \/>\n<link rel=\"canonical\" href=\"https:\/\/stagingphimostop.sansalia.com\/fr\/contact\/\" \/>\n<meta property=\"og:locale\" content=\"fr_FR\" \/>\n<meta property=\"og:type\" content=\"article\" \/>\n<meta property=\"og:title\" content=\"Contact | Phimostop\" \/>\n<meta property=\"og:description\" content=\"[vc_row full_width=\u00a0\u00bbstretch_row\u00a0\u00bb css=\u00a0\u00bb.vc_custom_1676621647805{margin-bottom: -90px !important;padding-top: 0px !important;padding-bottom: 90px !important;background-color: #f5f5f5 !important;}\u00a0\u00bb][vc_column width=\u00a0\u00bb7\/12&Prime;][vc_column_text css=\u00a0\u00bb.vc_custom_1695851734182{padding-right: 15px !important;padding-left: 15px !important;}\u00a0\u00bb]Les donn\u00e9es envoy\u00e9es par courrier \u00e9lectronique sont trait\u00e9es conform\u00e9ment \u00e0 l&rsquo;article 13 du d\u00e9cret l\u00e9gislatif. No.196\/2003, donc : Les donn\u00e9es personnelles ne seront pas utilis\u00e9es pour l&rsquo;envoi de mat\u00e9riel publicitaire, de promotions ou autres. Les donn\u00e9es fournies seront trait\u00e9es uniquement et exclusivement dans le but de fournir le service demand\u00e9 de la meilleure fa\u00e7on possible. Les donn\u00e9es seront trait\u00e9es de la mani\u00e8re suivante : par voie informatique. Les donn\u00e9es ne seront pas divulgu\u00e9es \u00e0 d&rsquo;autres parties, ni diffus\u00e9es. L&rsquo;indication du nom de l&rsquo;exp\u00e9diteur lors de l&rsquo;envoi de courriers \u00e9lectroniques est obligatoire ; [\/vc_column_text][\/vc_column][vc_column width=\u00a0\u00bb5\/12&Prime;][\/vc_column][\/vc_row]\" \/>\n<meta property=\"og:url\" content=\"https:\/\/stagingphimostop.sansalia.com\/fr\/contact\/\" \/>\n<meta property=\"og:site_name\" content=\"Phimostop\" \/>\n<meta property=\"article:publisher\" content=\"https:\/\/www.facebook.com\/phimostop\/\" \/>\n<meta property=\"article:modified_time\" content=\"2024-03-10T11:40:50+00:00\" \/>\n<meta property=\"og:image\" content=\"https:\/\/stagingphimostop.sansalia.com\/wp-content\/uploads\/2023\/02\/phimo-logo-brand.png\" \/>\n\t<meta property=\"og:image:width\" content=\"1788\" \/>\n\t<meta property=\"og:image:height\" content=\"318\" \/>\n\t<meta property=\"og:image:type\" content=\"image\/png\" \/>\n<meta name=\"twitter:card\" content=\"summary_large_image\" \/>\n<meta name=\"twitter:label1\" content=\"Dur\u00e9e de lecture estim\u00e9e\" \/>\n\t<meta name=\"twitter:data1\" content=\"1 minute\" \/>\n<script type=\"application\/ld+json\" class=\"yoast-schema-graph\">{\"@context\":\"https:\/\/schema.org\",\"@graph\":[{\"@type\":\"WebPage\",\"@id\":\"https:\/\/stagingphimostop.sansalia.com\/fr\/contact\/\",\"url\":\"https:\/\/stagingphimostop.sansalia.com\/fr\/contact\/\",\"name\":\"Contact | Phimostop\",\"isPartOf\":{\"@id\":\"https:\/\/stagingphimostop.sansalia.com\/fr\/#website\"},\"datePublished\":\"2019-03-07T11:11:33+00:00\",\"dateModified\":\"2024-03-10T11:40:50+00:00\",\"breadcrumb\":{\"@id\":\"https:\/\/stagingphimostop.sansalia.com\/fr\/contact\/#breadcrumb\"},\"inLanguage\":\"fr-FR\",\"potentialAction\":[{\"@type\":\"ReadAction\",\"target\":[\"https:\/\/stagingphimostop.sansalia.com\/fr\/contact\/\"]}]},{\"@type\":\"BreadcrumbList\",\"@id\":\"https:\/\/stagingphimostop.sansalia.com\/fr\/contact\/#breadcrumb\",\"itemListElement\":[{\"@type\":\"ListItem\",\"position\":1,\"name\":\"Phimostop\",\"item\":\"https:\/\/stagingphimostop.sansalia.com\/fr\/\"},{\"@type\":\"ListItem\",\"position\":2,\"name\":\"Contact\"}]},{\"@type\":\"WebSite\",\"@id\":\"https:\/\/stagingphimostop.sansalia.com\/fr\/#website\",\"url\":\"https:\/\/stagingphimostop.sansalia.com\/fr\/\",\"name\":\"Phimostop\",\"description\":\"\",\"publisher\":{\"@id\":\"https:\/\/stagingphimostop.sansalia.com\/fr\/#organization\"},\"potentialAction\":[{\"@type\":\"SearchAction\",\"target\":{\"@type\":\"EntryPoint\",\"urlTemplate\":\"https:\/\/stagingphimostop.sansalia.com\/fr\/?s={search_term_string}\"},\"query-input\":{\"@type\":\"PropertyValueSpecification\",\"valueRequired\":true,\"valueName\":\"search_term_string\"}}],\"inLanguage\":\"fr-FR\"},{\"@type\":\"Organization\",\"@id\":\"https:\/\/stagingphimostop.sansalia.com\/fr\/#organization\",\"name\":\"Phimomed\",\"url\":\"https:\/\/stagingphimostop.sansalia.com\/fr\/\",\"logo\":{\"@type\":\"ImageObject\",\"inLanguage\":\"fr-FR\",\"@id\":\"https:\/\/stagingphimostop.sansalia.com\/fr\/#\/schema\/logo\/image\/\",\"url\":\"https:\/\/stagingphimostop.sansalia.com\/wp-content\/uploads\/2023\/02\/phimo-logo-brand.png\",\"contentUrl\":\"https:\/\/stagingphimostop.sansalia.com\/wp-content\/uploads\/2023\/02\/phimo-logo-brand.png\",\"width\":1788,\"height\":318,\"caption\":\"Phimomed\"},\"image\":{\"@id\":\"https:\/\/stagingphimostop.sansalia.com\/fr\/#\/schema\/logo\/image\/\"},\"sameAs\":[\"https:\/\/www.facebook.com\/phimostop\/\"]}]}<\/script>\n<!-- \/ Yoast SEO plugin. -->","yoast_head_json":{"title":"Contact | Phimostop","robots":{"index":"index","follow":"follow","max-snippet":"max-snippet:-1","max-image-preview":"max-image-preview:large","max-video-preview":"max-video-preview:-1"},"canonical":"https:\/\/stagingphimostop.sansalia.com\/fr\/contact\/","og_locale":"fr_FR","og_type":"article","og_title":"Contact | Phimostop","og_description":"[vc_row full_width=\u00a0\u00bbstretch_row\u00a0\u00bb css=\u00a0\u00bb.vc_custom_1676621647805{margin-bottom: -90px !important;padding-top: 0px !important;padding-bottom: 90px !important;background-color: #f5f5f5 !important;}\u00a0\u00bb][vc_column width=\u00a0\u00bb7\/12&Prime;][vc_column_text css=\u00a0\u00bb.vc_custom_1695851734182{padding-right: 15px !important;padding-left: 15px !important;}\u00a0\u00bb]Les donn\u00e9es envoy\u00e9es par courrier \u00e9lectronique sont trait\u00e9es conform\u00e9ment \u00e0 l&rsquo;article 13 du d\u00e9cret l\u00e9gislatif. No.196\/2003, donc : Les donn\u00e9es personnelles ne seront pas utilis\u00e9es pour l&rsquo;envoi de mat\u00e9riel publicitaire, de promotions ou autres. Les donn\u00e9es fournies seront trait\u00e9es uniquement et exclusivement dans le but de fournir le service demand\u00e9 de la meilleure fa\u00e7on possible. Les donn\u00e9es seront trait\u00e9es de la mani\u00e8re suivante : par voie informatique. Les donn\u00e9es ne seront pas divulgu\u00e9es \u00e0 d&rsquo;autres parties, ni diffus\u00e9es. L&rsquo;indication du nom de l&rsquo;exp\u00e9diteur lors de l&rsquo;envoi de courriers \u00e9lectroniques est obligatoire ; [\/vc_column_text][\/vc_column][vc_column width=\u00a0\u00bb5\/12&Prime;][\/vc_column][\/vc_row]","og_url":"https:\/\/stagingphimostop.sansalia.com\/fr\/contact\/","og_site_name":"Phimostop","article_publisher":"https:\/\/www.facebook.com\/phimostop\/","article_modified_time":"2024-03-10T11:40:50+00:00","og_image":[{"width":1788,"height":318,"url":"https:\/\/stagingphimostop.sansalia.com\/wp-content\/uploads\/2023\/02\/phimo-logo-brand.png","type":"image\/png"}],"twitter_card":"summary_large_image","twitter_misc":{"Dur\u00e9e de lecture estim\u00e9e":"1 minute"},"schema":{"@context":"https:\/\/schema.org","@graph":[{"@type":"WebPage","@id":"https:\/\/stagingphimostop.sansalia.com\/fr\/contact\/","url":"https:\/\/stagingphimostop.sansalia.com\/fr\/contact\/","name":"Contact | Phimostop","isPartOf":{"@id":"https:\/\/stagingphimostop.sansalia.com\/fr\/#website"},"datePublished":"2019-03-07T11:11:33+00:00","dateModified":"2024-03-10T11:40:50+00:00","breadcrumb":{"@id":"https:\/\/stagingphimostop.sansalia.com\/fr\/contact\/#breadcrumb"},"inLanguage":"fr-FR","potentialAction":[{"@type":"ReadAction","target":["https:\/\/stagingphimostop.sansalia.com\/fr\/contact\/"]}]},{"@type":"BreadcrumbList","@id":"https:\/\/stagingphimostop.sansalia.com\/fr\/contact\/#breadcrumb","itemListElement":[{"@type":"ListItem","position":1,"name":"Phimostop","item":"https:\/\/stagingphimostop.sansalia.com\/fr\/"},{"@type":"ListItem","position":2,"name":"Contact"}]},{"@type":"WebSite","@id":"https:\/\/stagingphimostop.sansalia.com\/fr\/#website","url":"https:\/\/stagingphimostop.sansalia.com\/fr\/","name":"Phimostop","description":"","publisher":{"@id":"https:\/\/stagingphimostop.sansalia.com\/fr\/#organization"},"potentialAction":[{"@type":"SearchAction","target":{"@type":"EntryPoint","urlTemplate":"https:\/\/stagingphimostop.sansalia.com\/fr\/?s={search_term_string}"},"query-input":{"@type":"PropertyValueSpecification","valueRequired":true,"valueName":"search_term_string"}}],"inLanguage":"fr-FR"},{"@type":"Organization","@id":"https:\/\/stagingphimostop.sansalia.com\/fr\/#organization","name":"Phimomed","url":"https:\/\/stagingphimostop.sansalia.com\/fr\/","logo":{"@type":"ImageObject","inLanguage":"fr-FR","@id":"https:\/\/stagingphimostop.sansalia.com\/fr\/#\/schema\/logo\/image\/","url":"https:\/\/stagingphimostop.sansalia.com\/wp-content\/uploads\/2023\/02\/phimo-logo-brand.png","contentUrl":"https:\/\/stagingphimostop.sansalia.com\/wp-content\/uploads\/2023\/02\/phimo-logo-brand.png","width":1788,"height":318,"caption":"Phimomed"},"image":{"@id":"https:\/\/stagingphimostop.sansalia.com\/fr\/#\/schema\/logo\/image\/"},"sameAs":["https:\/\/www.facebook.com\/phimostop\/"]}]}},"_wl_alt_label":[],"acf":[],"jetpack_sharing_enabled":true,"wl:entity_url":"https:\/\/data.wordlift.io\/wl161614\/page\/contact","_links":{"self":[{"href":"https:\/\/stagingphimostop.sansalia.com\/fr\/wp-json\/wp\/v2\/pages\/35545","targetHints":{"allow":["GET"]}}],"collection":[{"href":"https:\/\/stagingphimostop.sansalia.com\/fr\/wp-json\/wp\/v2\/pages"}],"about":[{"href":"https:\/\/stagingphimostop.sansalia.com\/fr\/wp-json\/wp\/v2\/types\/page"}],"author":[{"embeddable":true,"href":"https:\/\/stagingphimostop.sansalia.com\/fr\/wp-json\/wp\/v2\/users\/1"}],"replies":[{"embeddable":true,"href":"https:\/\/stagingphimostop.sansalia.com\/fr\/wp-json\/wp\/v2\/comments?post=35545"}],"version-history":[{"count":16,"href":"https:\/\/stagingphimostop.sansalia.com\/fr\/wp-json\/wp\/v2\/pages\/35545\/revisions"}],"predecessor-version":[{"id":43258,"href":"https:\/\/stagingphimostop.sansalia.com\/fr\/wp-json\/wp\/v2\/pages\/35545\/revisions\/43258"}],"wp:attachment":[{"href":"https:\/\/stagingphimostop.sansalia.com\/fr\/wp-json\/wp\/v2\/media?parent=35545"}],"wp:term":[{"taxonomy":"wl_entity_type","embeddable":true,"href":"https:\/\/stagingphimostop.sansalia.com\/fr\/wp-json\/wp\/v2\/wl_entity_type?post=35545"}],"curies":[{"name":"wp","href":"https:\/\/api.w.org\/{rel}","templated":true}]}}