{"id":36510,"date":"2023-05-11T16:41:57","date_gmt":"2023-05-11T16:41:57","guid":{"rendered":"https:\/\/stagingphimostop.sansalia.com\/?page_id=36510"},"modified":"2024-03-27T17:29:50","modified_gmt":"2024-03-27T17:29:50","slug":"envio","status":"publish","type":"page","link":"https:\/\/stagingphimostop.sansalia.com\/es\/envio\/","title":{"rendered":"Envio"},"content":{"rendered":"<section class=\"wpb-content-wrapper\"><p>[vc_row][vc_column][vc_column_text]<\/p>\n<div class=\"fusion-title title fusion-title-1 fusion-sep-none fusion-title-text fusion-title-size-one fusion-border-below-title\">\n<div class=\"fusion-title title fusion-title-1 fusion-sep-none fusion-title-text fusion-title-size-one fusion-border-below-title\">\n<p><span style=\"font-weight: 400;\">El env\u00edo <\/span><b>GRATUITO<\/b><span style=\"font-weight: 400;\"> (excluidos los gastos de aduana, que correr\u00e1n a cargo del destinatario) incluye<\/span><\/p>\n<p><span style=\"font-weight: 400;\">&#8211; entrega en <\/span><b>EUROPA en un plazo de 5 d\u00edas laborables<\/b><span style=\"font-weight: 400;\"> a partir de la fecha de env\u00edo\u00a0<\/span><\/p>\n<p><span style=\"font-weight: 400;\">&#8211; entrega en pa\u00edses fuera de <\/span><b>EUROPA en un plazo de 10 d\u00edas laborables<\/b><\/p>\n<p><span style=\"font-weight: 400;\">&#8211; entrega de forma estrictamente <\/span><b>an\u00f3nima<\/b><span style=\"font-weight: 400;\">: el remitente es Carlo Boschetto y el paquete no hace referencia al producto ni a la marca<\/span><\/p>\n<p><span style=\"font-weight: 400;\">&#8211; entrega en el buz\u00f3n del destinatario o entrega personal\u00a0<\/span><\/p>\n<p><span style=\"font-weight: 400;\">&#8211; seguimiento del env\u00edo durante todo el trayecto. Cuando el paquete se env\u00eda usted recibir\u00e1 un <\/span><b>correo electr\u00f3nico<\/b><span style=\"font-weight: 400;\"> de nuestro socio Colmena para realizar el seguimiento del env\u00edo introduciendo el n\u00famero de pedido: <\/span><a href=\"https:\/\/www.hivehome.com\/delivery-tracker\"><span style=\"font-weight: 400;\">https:\/\/www.hivehome.com\/delivery-tracker<\/span><\/a><span style=\"font-weight: 400;\">\u00a0\u00a0<\/span><\/p>\n<p><span style=\"font-weight: 400;\">En caso de problemas o retrasos, p\u00f3ngase en contacto con <\/span><a href=\"mailto:customer@phimostop.com\"><span style=\"font-weight: 400;\">customer@phimostop.com<\/span><\/a><span style=\"font-weight: 400;\">\u00a0<\/span><\/p>\n<p><span style=\"font-weight: 400;\">Realizamos env\u00edos a Europa, Reino Unido, EE.UU., Albania, Australia, Canad\u00e1, Noruega y Suiza.<\/span><\/p>\n<h2><b>Derecho de <\/b><b>devoluci\u00f2n<\/b><\/h2>\n<p><span style=\"font-weight: 400;\">Si cambia de opini\u00f3n puede anular su pedido de dos maneras:<\/span><\/p>\n<ol>\n<li><span style=\"font-weight: 400;\"><\/span> <span style=\"font-weight: 400;\">Rechazando la entrega. En este caso se efectuar\u00e1 un reembolso menos los gastos de env\u00edo (10 euros).<\/span><\/li>\n<li><span style=\"font-weight: 400;\"><\/span> <span style=\"font-weight: 400;\">Enviando el paquete de vuelta a Phimomed Srls Via Acusilao 46, 00124 Roma, sin da\u00f1os y en su embalaje original. Los gastos de env\u00edo de la devoluci\u00f3n correr\u00e1n a cargo del remitente.<\/span><\/li>\n<\/ol>\n<p><span style=\"font-weight: 400;\">En caso contrario, al tratarse de un producto de uso \u00edntimo, no podr\u00e1 ser devuelto y no se aceptar\u00e1 el derecho de desistimiento.<\/span><\/p>\n<\/div>\n<\/div>\n<p>[\/vc_column_text][\/vc_column][\/vc_row]<\/p>\n<\/section>","protected":false},"excerpt":{"rendered":"<p>[vc_row][vc_column][vc_column_text] El env\u00edo GRATUITO (excluidos los gastos de aduana, que correr\u00e1n a cargo del destinatario) incluye &#8211; entrega en EUROPA en un plazo de 5 d\u00edas laborables a partir de la fecha de env\u00edo\u00a0 &#8211; entrega en pa\u00edses fuera de EUROPA en un plazo de 10 d\u00edas laborables &#8211; entrega de forma estrictamente an\u00f3nima: el remitente es Carlo Boschetto y el paquete no hace referencia al producto ni a la marca &#8211; entrega en el buz\u00f3n del destinatario o entrega personal\u00a0 &#8211; seguimiento del env\u00edo durante todo el trayecto. Cuando el paquete se env\u00eda usted recibir\u00e1 un correo electr\u00f3nico de nuestro socio Colmena para realizar el seguimiento del env\u00edo introduciendo el n\u00famero de pedido: https:\/\/www.hivehome.com\/delivery-tracker\u00a0\u00a0 En caso de problemas o retrasos, p\u00f3ngase en contacto con customer@phimostop.com\u00a0 Realizamos env\u00edos a Europa, Reino Unido, EE.UU., Albania, Australia, Canad\u00e1, Noruega y Suiza. Derecho de devoluci\u00f2n Si cambia de opini\u00f3n puede anular su pedido de dos maneras: Rechazando la entrega. En este caso se efectuar\u00e1 un reembolso menos los gastos de env\u00edo (10 euros). Enviando el paquete de vuelta a Phimomed Srls Via Acusilao 46, 00124 Roma, sin da\u00f1os y en su embalaje original. Los gastos de env\u00edo de la devoluci\u00f3n correr\u00e1n a cargo del remitente. En caso contrario, al tratarse de un producto de uso \u00edntimo, no podr\u00e1 ser devuelto y no se aceptar\u00e1 el derecho de desistimiento. [\/vc_column_text][\/vc_column][\/vc_row]<\/p>\n","protected":false},"author":1,"featured_media":0,"parent":0,"menu_order":0,"comment_status":"closed","ping_status":"closed","template":"page-templates\/full-width.php","meta":{"_acf_changed":false,"wl_entities_gutenberg":"","footnotes":""},"wl_entity_type":[128],"class_list":["post-36510","page","type-page","status-publish","hentry","wl_entity_type-article"],"yoast_head":"<!-- This site is optimized with the Yoast SEO plugin v24.6 - https:\/\/yoast.com\/wordpress\/plugins\/seo\/ -->\n<title>Envio | Phimostop<\/title>\n<meta name=\"description\" content=\"Phimostop env\u00edo GRATUITO. Entrega en EUROPA dentro de 5 d\u00edas laborables a partir de la fecha env\u00edo. Entrega en PA\u00cdSES NO EUROPEOS en plazos superiores a los 10 d\u00edas laborables.\" \/>\n<meta name=\"robots\" content=\"index, follow, max-snippet:-1, max-image-preview:large, max-video-preview:-1\" \/>\n<link rel=\"canonical\" href=\"https:\/\/stagingphimostop.sansalia.com\/es\/envio\/\" \/>\n<meta property=\"og:locale\" content=\"es_ES\" \/>\n<meta property=\"og:type\" content=\"article\" \/>\n<meta property=\"og:title\" content=\"Envio | Phimostop\" \/>\n<meta property=\"og:description\" content=\"Phimostop env\u00edo GRATUITO. Entrega en EUROPA dentro de 5 d\u00edas laborables a partir de la fecha env\u00edo. Entrega en PA\u00cdSES NO EUROPEOS en plazos superiores a los 10 d\u00edas laborables.\" \/>\n<meta property=\"og:url\" content=\"https:\/\/stagingphimostop.sansalia.com\/es\/envio\/\" \/>\n<meta property=\"og:site_name\" content=\"Phimostop\" \/>\n<meta property=\"article:publisher\" content=\"https:\/\/www.facebook.com\/phimostop\/\" \/>\n<meta property=\"article:modified_time\" content=\"2024-03-27T17:29:50+00:00\" \/>\n<meta property=\"og:image\" content=\"https:\/\/stagingphimostop.sansalia.com\/wp-content\/uploads\/2023\/02\/phimo-logo-brand.png\" \/>\n\t<meta property=\"og:image:width\" content=\"1788\" \/>\n\t<meta property=\"og:image:height\" content=\"318\" \/>\n\t<meta property=\"og:image:type\" content=\"image\/png\" \/>\n<meta name=\"twitter:card\" content=\"summary_large_image\" \/>\n<meta name=\"twitter:label1\" content=\"Tiempo de lectura\" \/>\n\t<meta name=\"twitter:data1\" content=\"2 minutos\" \/>\n<script type=\"application\/ld+json\" class=\"yoast-schema-graph\">{\"@context\":\"https:\/\/schema.org\",\"@graph\":[{\"@type\":\"WebPage\",\"@id\":\"https:\/\/stagingphimostop.sansalia.com\/es\/envio\/\",\"url\":\"https:\/\/stagingphimostop.sansalia.com\/es\/envio\/\",\"name\":\"Envio | Phimostop\",\"isPartOf\":{\"@id\":\"https:\/\/stagingphimostop.sansalia.com\/es\/#website\"},\"datePublished\":\"2023-05-11T16:41:57+00:00\",\"dateModified\":\"2024-03-27T17:29:50+00:00\",\"description\":\"Phimostop env\u00edo GRATUITO. Entrega en EUROPA dentro de 5 d\u00edas laborables a partir de la fecha env\u00edo. Entrega en PA\u00cdSES NO EUROPEOS en plazos superiores a los 10 d\u00edas laborables.\",\"breadcrumb\":{\"@id\":\"https:\/\/stagingphimostop.sansalia.com\/es\/envio\/#breadcrumb\"},\"inLanguage\":\"es\",\"potentialAction\":[{\"@type\":\"ReadAction\",\"target\":[\"https:\/\/stagingphimostop.sansalia.com\/es\/envio\/\"]}]},{\"@type\":\"BreadcrumbList\",\"@id\":\"https:\/\/stagingphimostop.sansalia.com\/es\/envio\/#breadcrumb\",\"itemListElement\":[{\"@type\":\"ListItem\",\"position\":1,\"name\":\"Phimostop\",\"item\":\"https:\/\/stagingphimostop.sansalia.com\/es\/\"},{\"@type\":\"ListItem\",\"position\":2,\"name\":\"Envio\"}]},{\"@type\":\"WebSite\",\"@id\":\"https:\/\/stagingphimostop.sansalia.com\/es\/#website\",\"url\":\"https:\/\/stagingphimostop.sansalia.com\/es\/\",\"name\":\"Phimostop\",\"description\":\"\",\"publisher\":{\"@id\":\"https:\/\/stagingphimostop.sansalia.com\/es\/#organization\"},\"potentialAction\":[{\"@type\":\"SearchAction\",\"target\":{\"@type\":\"EntryPoint\",\"urlTemplate\":\"https:\/\/stagingphimostop.sansalia.com\/es\/?s={search_term_string}\"},\"query-input\":{\"@type\":\"PropertyValueSpecification\",\"valueRequired\":true,\"valueName\":\"search_term_string\"}}],\"inLanguage\":\"es\"},{\"@type\":\"Organization\",\"@id\":\"https:\/\/stagingphimostop.sansalia.com\/es\/#organization\",\"name\":\"Phimomed\",\"url\":\"https:\/\/stagingphimostop.sansalia.com\/es\/\",\"logo\":{\"@type\":\"ImageObject\",\"inLanguage\":\"es\",\"@id\":\"https:\/\/stagingphimostop.sansalia.com\/es\/#\/schema\/logo\/image\/\",\"url\":\"https:\/\/stagingphimostop.sansalia.com\/wp-content\/uploads\/2023\/02\/phimo-logo-brand.png\",\"contentUrl\":\"https:\/\/stagingphimostop.sansalia.com\/wp-content\/uploads\/2023\/02\/phimo-logo-brand.png\",\"width\":1788,\"height\":318,\"caption\":\"Phimomed\"},\"image\":{\"@id\":\"https:\/\/stagingphimostop.sansalia.com\/es\/#\/schema\/logo\/image\/\"},\"sameAs\":[\"https:\/\/www.facebook.com\/phimostop\/\"]}]}<\/script>\n<!-- \/ Yoast SEO plugin. -->","yoast_head_json":{"title":"Envio | Phimostop","description":"Phimostop env\u00edo GRATUITO. Entrega en EUROPA dentro de 5 d\u00edas laborables a partir de la fecha env\u00edo. Entrega en PA\u00cdSES NO EUROPEOS en plazos superiores a los 10 d\u00edas laborables.","robots":{"index":"index","follow":"follow","max-snippet":"max-snippet:-1","max-image-preview":"max-image-preview:large","max-video-preview":"max-video-preview:-1"},"canonical":"https:\/\/stagingphimostop.sansalia.com\/es\/envio\/","og_locale":"es_ES","og_type":"article","og_title":"Envio | Phimostop","og_description":"Phimostop env\u00edo GRATUITO. Entrega en EUROPA dentro de 5 d\u00edas laborables a partir de la fecha env\u00edo. Entrega en PA\u00cdSES NO EUROPEOS en plazos superiores a los 10 d\u00edas laborables.","og_url":"https:\/\/stagingphimostop.sansalia.com\/es\/envio\/","og_site_name":"Phimostop","article_publisher":"https:\/\/www.facebook.com\/phimostop\/","article_modified_time":"2024-03-27T17:29:50+00:00","og_image":[{"width":1788,"height":318,"url":"https:\/\/stagingphimostop.sansalia.com\/wp-content\/uploads\/2023\/02\/phimo-logo-brand.png","type":"image\/png"}],"twitter_card":"summary_large_image","twitter_misc":{"Tiempo de lectura":"2 minutos"},"schema":{"@context":"https:\/\/schema.org","@graph":[{"@type":"WebPage","@id":"https:\/\/stagingphimostop.sansalia.com\/es\/envio\/","url":"https:\/\/stagingphimostop.sansalia.com\/es\/envio\/","name":"Envio | Phimostop","isPartOf":{"@id":"https:\/\/stagingphimostop.sansalia.com\/es\/#website"},"datePublished":"2023-05-11T16:41:57+00:00","dateModified":"2024-03-27T17:29:50+00:00","description":"Phimostop env\u00edo GRATUITO. Entrega en EUROPA dentro de 5 d\u00edas laborables a partir de la fecha env\u00edo. Entrega en PA\u00cdSES NO EUROPEOS en plazos superiores a los 10 d\u00edas laborables.","breadcrumb":{"@id":"https:\/\/stagingphimostop.sansalia.com\/es\/envio\/#breadcrumb"},"inLanguage":"es","potentialAction":[{"@type":"ReadAction","target":["https:\/\/stagingphimostop.sansalia.com\/es\/envio\/"]}]},{"@type":"BreadcrumbList","@id":"https:\/\/stagingphimostop.sansalia.com\/es\/envio\/#breadcrumb","itemListElement":[{"@type":"ListItem","position":1,"name":"Phimostop","item":"https:\/\/stagingphimostop.sansalia.com\/es\/"},{"@type":"ListItem","position":2,"name":"Envio"}]},{"@type":"WebSite","@id":"https:\/\/stagingphimostop.sansalia.com\/es\/#website","url":"https:\/\/stagingphimostop.sansalia.com\/es\/","name":"Phimostop","description":"","publisher":{"@id":"https:\/\/stagingphimostop.sansalia.com\/es\/#organization"},"potentialAction":[{"@type":"SearchAction","target":{"@type":"EntryPoint","urlTemplate":"https:\/\/stagingphimostop.sansalia.com\/es\/?s={search_term_string}"},"query-input":{"@type":"PropertyValueSpecification","valueRequired":true,"valueName":"search_term_string"}}],"inLanguage":"es"},{"@type":"Organization","@id":"https:\/\/stagingphimostop.sansalia.com\/es\/#organization","name":"Phimomed","url":"https:\/\/stagingphimostop.sansalia.com\/es\/","logo":{"@type":"ImageObject","inLanguage":"es","@id":"https:\/\/stagingphimostop.sansalia.com\/es\/#\/schema\/logo\/image\/","url":"https:\/\/stagingphimostop.sansalia.com\/wp-content\/uploads\/2023\/02\/phimo-logo-brand.png","contentUrl":"https:\/\/stagingphimostop.sansalia.com\/wp-content\/uploads\/2023\/02\/phimo-logo-brand.png","width":1788,"height":318,"caption":"Phimomed"},"image":{"@id":"https:\/\/stagingphimostop.sansalia.com\/es\/#\/schema\/logo\/image\/"},"sameAs":["https:\/\/www.facebook.com\/phimostop\/"]}]}},"_wl_alt_label":[],"acf":[],"jetpack_sharing_enabled":true,"wl:entity_url":"https:\/\/data.wordlift.io\/wl161614\/page\/envio","_links":{"self":[{"href":"https:\/\/stagingphimostop.sansalia.com\/es\/wp-json\/wp\/v2\/pages\/36510","targetHints":{"allow":["GET"]}}],"collection":[{"href":"https:\/\/stagingphimostop.sansalia.com\/es\/wp-json\/wp\/v2\/pages"}],"about":[{"href":"https:\/\/stagingphimostop.sansalia.com\/es\/wp-json\/wp\/v2\/types\/page"}],"author":[{"embeddable":true,"href":"https:\/\/stagingphimostop.sansalia.com\/es\/wp-json\/wp\/v2\/users\/1"}],"replies":[{"embeddable":true,"href":"https:\/\/stagingphimostop.sansalia.com\/es\/wp-json\/wp\/v2\/comments?post=36510"}],"version-history":[{"count":3,"href":"https:\/\/stagingphimostop.sansalia.com\/es\/wp-json\/wp\/v2\/pages\/36510\/revisions"}],"predecessor-version":[{"id":43795,"href":"https:\/\/stagingphimostop.sansalia.com\/es\/wp-json\/wp\/v2\/pages\/36510\/revisions\/43795"}],"wp:attachment":[{"href":"https:\/\/stagingphimostop.sansalia.com\/es\/wp-json\/wp\/v2\/media?parent=36510"}],"wp:term":[{"taxonomy":"wl_entity_type","embeddable":true,"href":"https:\/\/stagingphimostop.sansalia.com\/es\/wp-json\/wp\/v2\/wl_entity_type?post=36510"}],"curies":[{"name":"wp","href":"https:\/\/api.w.org\/{rel}","templated":true}]}}