{"id":35608,"date":"2023-02-24T14:16:05","date_gmt":"2023-02-24T14:16:05","guid":{"rendered":"https:\/\/stagingphimostop.sansalia.com\/phimostop\/como-utilizarlo\/"},"modified":"2024-06-18T16:57:31","modified_gmt":"2024-06-18T16:57:31","slug":"como-utilizarlo","status":"publish","type":"page","link":"https:\/\/stagingphimostop.sansalia.com\/es\/el-producto\/como-utilizarlo\/","title":{"rendered":"C\u00f3mo utilizarlo"},"content":{"rendered":"<section class=\"wpb-content-wrapper\"><p>[vc_row container=\u00bbtrue\u00bb css=\u00bb.vc_custom_1677249198686{margin-top: -50px !important;}\u00bb][vc_column][vc_empty_space]\t<div class=\"container main-heading-container\">\n\t\t<div class=\"main-title \">\n\t\t\t<h2><strong>Phimostop:<\/strong> c\u00f3mo utilizarlo y advertencias.<\/h2><p><strong>Elija el tubo adecuado para su fimosis; \u00e9ste debe colocarse en el glande sin ejercer demasiada fuerza ni dolor.<\/strong>.<\/p>\t\t<\/div>\n\t<\/div>\n\t[vc_row_inner][vc_column_inner css=\u00bb.vc_custom_1681470445297{margin-right: 15px !important;margin-left: 15px !important;}\u00bb][vc_column_text]<strong>Limpie sus manos, el tuboide, el prepucio y el glande<\/strong> antes de usarlos. Humedezca el tubeid y el prepucio para facilitar la inserci\u00f3n del tubeid y, si es necesario, engrase la boca del prepucio con cremas lubricantes (tenga <strong>cuidado<\/strong> de no lubricar el exterior del prepucio).[\/vc_column_text][vc_single_image image=\u00bb865&#8243; img_size=\u00bbfull\u00bb alignment=\u00bbcenter\u00bb][\/vc_column_inner][\/vc_row_inner][vc_row_inner equal_height=\u00bbyes\u00bb el_class=\u00bbwith-square\u00bb][vc_column_inner width=\u00bb1\/2&#8243;][vc_column_text]<strong>Inserci\u00f3n de tubos 1-9:<\/strong><\/p>\n<ul>\n<li>Bajar el prepucio lo m\u00e1ximo posible (no forzar)<\/li>\n<li>Introducir una esquina de la base sobresaliente del tuboide en el prepucio<\/li>\n<li>Gire el tuboide para introducir la base completa<\/li>\n<li>Utilizar el pulgar y el \u00edndice para levantar la piel (interna y externa) del prepucio<\/li>\n<\/ul>\n<p>[\/vc_column_text][\/vc_column_inner][vc_column_inner width=\u00bb1\/2&#8243;][vc_column_text]<strong>Inserci\u00f3n del tuboid 9-22:<\/strong><\/p>\n<ul>\n<li>Bajar el prepucio lo m\u00e1ximo posible (sin forzar)<\/li>\n<li>Colocar la base del tubo en el glande<\/li>\n<li>Utilizar el pulgar y el \u00edndice para levantar la piel (interna y externa) del prepucio<\/li>\n<\/ul>\n<p>[\/vc_column_text][\/vc_column_inner][\/vc_row_inner][vc_row_inner][vc_column_inner width=\u00bb1\/2&#8243;][vc_column_text]<\/p>\n<div class=\"fusion-layout-column fusion_builder_column fusion-builder-column-33 fusion_builder_column_1_2 1_2 fusion-flex-column\">\n<div class=\"fusion-column-wrapper fusion-flex-justify-content-flex-start fusion-content-layout-column\">\n<div class=\"fusion-text fusion-text-23\">\n<div class=\"fusion-layout-column fusion_builder_column fusion-builder-column-33 fusion_builder_column_1_2 1_2 fusion-flex-column\">\n<div class=\"fusion-column-wrapper fusion-flex-justify-content-flex-start fusion-content-layout-column\">\n<div class=\"fusion-text fusion-text-23\">\n<p>Asegura el tuboid al pene bajando las solapas y aplicando el parche de cinta adhesiva -cortado especialmente- a cada lado del prepucio.<\/p>\n<\/div>\n<\/div>\n<\/div>\n<div class=\"fusion-layout-column fusion_builder_column fusion-builder-column-34 fusion_builder_column_1_2 1_2 fusion-flex-column\">\n<div class=\"fusion-column-wrapper fusion-flex-justify-content-flex-start fusion-content-layout-column\">\n<div class=\"fusion-text fusion-text-24\">\n<p>Mantener cada tuboid en su lugar durante al menos <strong>72 h<\/strong>, hasta que se detecte una primera fase de regresi\u00f3n de la fimosis, permitiendo la inserci\u00f3n del siguiente tuboid. Si la inserci\u00f3n del tuboid de mayor calibre produce dolor,<strong> ser\u00e1 necesario volver a utilizar el tuboid anterior<\/strong> durante al menos otras 72h.<\/p>\n<p><strong>En los individuos sujetos a fimosis recurrente<\/strong> (por ejemplo, debido a la diabetes), incluso en ausencia de manifestaciones inflamatorias, se recomienda llevar el tuboide m\u00e1s adecuado a intervalos regulares (por ejemplo, durante la noche una vez a la semana) para mantener la elasticidad del tejido prepucial y un lumen adecuado.<\/p>\n<\/div>\n<\/div>\n<\/div>\n<\/div>\n<\/div>\n<\/div>\n<p>[\/vc_column_text][\/vc_column_inner][vc_column_inner width=\u00bb1\/2&#8243;][vc_message message_box_color=\u00bbblue\u00bb]Phimostop no tiene efectos secundarios y no causa dolor. En caso de que haya alguna inflamaci\u00f3n o dolor\/enrojecimiento, recomendamos interrumpir el protocolo y ponerse en contacto con su m\u00e9dico y con nuestro servicio de atenci\u00f3n al cliente.<\/p>\n<p>No utilizar en caso de:<\/p>\n<ul>\n<li>Parafimosis<\/li>\n<li>Liquen atr\u00f3fico<\/li>\n<li>Lesiones y\/o infecciones no tratadas<\/li>\n<li>Hipersensibilidad al material del tubo<\/li>\n<\/ul>\n<p>[\/vc_message][\/vc_column_inner][\/vc_row_inner][vc_row_inner][vc_column_inner][vc_btn title=\u00bbComprar ahora\u00bb style=\u00bbflat\u00bb shape=\u00bbsquare\u00bb color=\u00bbbtn-phimo-primary\u00bb size=\u00bblg\u00bb align=\u00bbcenter\u00bb i_icon_fontawesome=\u00bbfas fa-shopping-cart\u00bb add_icon=\u00bbtrue\u00bb link=\u00bburl:https%3A%2F%2Fstagingphimostop.sansalia.com%2Fes%2Fpago%2F|title:Pago|\u00bb][\/vc_column_inner][\/vc_row_inner][\/vc_column][vc_column][vc_video link=\u00bbhttps:\/\/www.youtube.com\/watch?v=sVc7XN3_W-A&amp;list=PLONVDIj6wqfWMqbS8r1WwWc635RlcwJMJ\u00bb][\/vc_column][vc_column][\/vc_column][\/vc_row][vc_row container=\u00bbtrue\u00bb css=\u00bb.vc_custom_1677608187698{padding-top: 60px !important;padding-bottom: 60px !important;}\u00bb][vc_column][vc_row_inner][vc_column_inner width=\u00bb1\/3&#8243;][vc_custom_heading text=\u00bb\u00bfCu\u00e1nto tarda?\u00bb font_container=\u00bbtag:h3|text_align:center\u00bb google_fonts=\u00bbfont_family:Lato%3A100%2C100italic%2C300%2C300italic%2Cregular%2Citalic%2C700%2C700italic%2C900%2C900italic|font_style:700%20bold%20regular%3A700%3Anormal\u00bb link=\u00bburl:https%3A%2F%2Fstagingphimostop.sansalia.com%2Fes%2Fel-producto%2Fuso-del-tiempo%2F|title:%C2%BFCu%C3%A1nto%20tarda%3F\u00bb][vc_single_image image=\u00bb911&#8243; img_size=\u00bbfull\u00bb onclick=\u00bbcustom_link\u00bb link=\u00bbhttps:\/\/stagingphimostop.sansalia.com\/es\/el-producto\/uso-del-tiempo\/\u00bb][vc_btn title=\u00bbLeer el art\u00edculo\u00bb style=\u00bbflat\u00bb shape=\u00bbsquare\u00bb color=\u00bbbtn-phimo-primary\u00bb size=\u00bblg\u00bb align=\u00bbcenter\u00bb i_icon_fontawesome=\u00bbfar fa-clock\u00bb button_block=\u00bbtrue\u00bb add_icon=\u00bbtrue\u00bb link=\u00bburl:https%3A%2F%2Fstagingphimostop.sansalia.com%2Fes%2Fel-producto%2Fuso-del-tiempo%2F|title:%C2%BFCu%C3%A1nto%20tarda%3F\u00bb][\/vc_column_inner][vc_column_inner width=\u00bb1\/3&#8243;][vc_custom_heading text=\u00bbPhimostop\u00bb font_container=\u00bbtag:h3|text_align:center\u00bb google_fonts=\u00bbfont_family:Lato%3A100%2C100italic%2C300%2C300italic%2Cregular%2Citalic%2C700%2C700italic%2C900%2C900italic|font_style:700%20bold%20regular%3A700%3Anormal\u00bb link=\u00bburl:https%3A%2F%2Fstagingphimostop.sansalia.com%2Fes%2Fel-producto%2F|title:Phimostop\u00bb][vc_single_image image=\u00bb829&#8243; img_size=\u00bbfull\u00bb onclick=\u00bbcustom_link\u00bb link=\u00bbhttps:\/\/stagingphimostop.sansalia.com\/es\/el-producto\/\u00bb][vc_btn title=\u00bbIr al producto\u00bb style=\u00bbflat\u00bb shape=\u00bbsquare\u00bb color=\u00bbbtn-phimo-primary\u00bb size=\u00bblg\u00bb align=\u00bbcenter\u00bb i_icon_fontawesome=\u00bbfar fa-clock\u00bb button_block=\u00bbtrue\u00bb add_icon=\u00bbtrue\u00bb link=\u00bburl:https%3A%2F%2Fstagingphimostop.sansalia.com%2Fes%2Fel-producto%2F|title:Phimostop\u00bb][\/vc_column_inner][vc_column_inner width=\u00bb1\/3&#8243;][vc_custom_heading text=\u00bbInvestigaci\u00f3n cl\u00ednica\u00bb font_container=\u00bbtag:h3|text_align:center\u00bb google_fonts=\u00bbfont_family:Lato%3A100%2C100italic%2C300%2C300italic%2Cregular%2Citalic%2C700%2C700italic%2C900%2C900italic|font_style:700%20bold%20regular%3A700%3Anormal\u00bb link=\u00bburl:https%3A%2F%2Fstagingphimostop.sansalia.com%2Fes%2Fel-producto%2Fla-clinica-de-investigacion%2F|title:Investigaci%C3%B3n%20cl%C3%ADnica\u00bb][vc_single_image image=\u00bb921&#8243; img_size=\u00bbfull\u00bb onclick=\u00bbcustom_link\u00bb link=\u00bbhttps:\/\/stagingphimostop.sansalia.com\/es\/el-producto\/la-clinica-de-investigacion\/\u00bb][vc_btn title=\u00bbLeer el art\u00edculo\u00bb style=\u00bbflat\u00bb shape=\u00bbsquare\u00bb color=\u00bbbtn-phimo-primary\u00bb size=\u00bblg\u00bb align=\u00bbcenter\u00bb i_icon_fontawesome=\u00bbfar fa-clock\u00bb button_block=\u00bbtrue\u00bb add_icon=\u00bbtrue\u00bb link=\u00bburl:https%3A%2F%2Fstagingphimostop.sansalia.com%2Fes%2Fel-producto%2Fla-clinica-de-investigacion%2F|title:Investigaci%C3%B3n%20cl%C3%ADnica\u00bb][\/vc_column_inner][\/vc_row_inner][\/vc_column][\/vc_row]<\/p>\n<\/section>","protected":false},"excerpt":{"rendered":"<p>[vc_row container=\u00bbtrue\u00bb css=\u00bb.vc_custom_1677249198686{margin-top: -50px !important;}\u00bb][vc_column][vc_empty_space][vc_row_inner][vc_column_inner css=\u00bb.vc_custom_1681470445297{margin-right: 15px !important;margin-left: 15px !important;}\u00bb][vc_column_text]Limpie sus manos, el tuboide, el prepucio y el glande antes de usarlos. Humedezca el tubeid y el prepucio para facilitar la inserci\u00f3n del tubeid y, si es necesario, engrase la boca del prepucio con cremas lubricantes (tenga cuidado de no lubricar el exterior del prepucio).[\/vc_column_text][vc_single_image image=\u00bb865&#8243; img_size=\u00bbfull\u00bb alignment=\u00bbcenter\u00bb][\/vc_column_inner][\/vc_row_inner][vc_row_inner equal_height=\u00bbyes\u00bb el_class=\u00bbwith-square\u00bb][vc_column_inner width=\u00bb1\/2&#8243;][vc_column_text]Inserci\u00f3n de tubos 1-9: Bajar el prepucio lo m\u00e1ximo posible (no forzar) Introducir una esquina de la base sobresaliente del tuboide en el prepucio Gire el tuboide para introducir la base completa Utilizar el pulgar y el \u00edndice para levantar la piel (interna y externa) del prepucio [\/vc_column_text][\/vc_column_inner][vc_column_inner width=\u00bb1\/2&#8243;][vc_column_text]Inserci\u00f3n del tuboid 9-22: Bajar el prepucio lo m\u00e1ximo posible (sin forzar) Colocar la base del tubo en el glande Utilizar el pulgar y el \u00edndice para levantar la piel (interna y externa) del prepucio [\/vc_column_text][\/vc_column_inner][\/vc_row_inner][vc_row_inner][vc_column_inner width=\u00bb1\/2&#8243;][vc_column_text] Asegura el tuboid al pene bajando las solapas y aplicando el parche de cinta adhesiva -cortado especialmente- a cada lado del prepucio. Mantener cada tuboid en su lugar durante al menos 72 h, hasta que se detecte una primera fase de regresi\u00f3n de la fimosis, permitiendo la inserci\u00f3n del siguiente tuboid. Si la inserci\u00f3n del tuboid de mayor calibre produce dolor, ser\u00e1 necesario volver a utilizar el tuboid anterior durante al menos otras 72h. En los individuos sujetos a fimosis recurrente (por ejemplo, debido a la diabetes), incluso en ausencia de manifestaciones inflamatorias, se recomienda llevar el tuboide m\u00e1s adecuado a intervalos regulares (por ejemplo, durante la noche una vez a la semana) para mantener la elasticidad del tejido prepucial y un lumen adecuado. [\/vc_column_text][\/vc_column_inner][vc_column_inner width=\u00bb1\/2&#8243;][vc_message message_box_color=\u00bbblue\u00bb]Phimostop no tiene efectos secundarios y no causa dolor. En caso de que haya alguna inflamaci\u00f3n o dolor\/enrojecimiento, recomendamos interrumpir el protocolo y ponerse en contacto con su m\u00e9dico y con nuestro servicio de atenci\u00f3n al cliente. No utilizar en caso de: Parafimosis Liquen atr\u00f3fico Lesiones y\/o infecciones no tratadas Hipersensibilidad al material del tubo [\/vc_message][\/vc_column_inner][\/vc_row_inner][vc_row_inner][vc_column_inner][vc_btn title=\u00bbComprar ahora\u00bb style=\u00bbflat\u00bb shape=\u00bbsquare\u00bb color=\u00bbbtn-phimo-primary\u00bb size=\u00bblg\u00bb align=\u00bbcenter\u00bb i_icon_fontawesome=\u00bbfas fa-shopping-cart\u00bb add_icon=\u00bbtrue\u00bb link=\u00bburl:https%3A%2F%2Fstagingphimostop.sansalia.com%2Fes%2Fpago%2F|title:Pago|\u00bb][\/vc_column_inner][\/vc_row_inner][\/vc_column][vc_column][vc_video link=\u00bbhttps:\/\/www.youtube.com\/watch?v=sVc7XN3_W-A&amp;list=PLONVDIj6wqfWMqbS8r1WwWc635RlcwJMJ\u00bb][\/vc_column][vc_column][\/vc_column][\/vc_row][vc_row container=\u00bbtrue\u00bb css=\u00bb.vc_custom_1677608187698{padding-top: 60px !important;padding-bottom: 60px !important;}\u00bb][vc_column][vc_row_inner][vc_column_inner width=\u00bb1\/3&#8243;][vc_custom_heading text=\u00bb\u00bfCu\u00e1nto tarda?\u00bb font_container=\u00bbtag:h3|text_align:center\u00bb google_fonts=\u00bbfont_family:Lato%3A100%2C100italic%2C300%2C300italic%2Cregular%2Citalic%2C700%2C700italic%2C900%2C900italic|font_style:700%20bold%20regular%3A700%3Anormal\u00bb link=\u00bburl:https%3A%2F%2Fstagingphimostop.sansalia.com%2Fes%2Fel-producto%2Fuso-del-tiempo%2F|title:%C2%BFCu%C3%A1nto%20tarda%3F\u00bb][vc_single_image image=\u00bb911&#8243; img_size=\u00bbfull\u00bb onclick=\u00bbcustom_link\u00bb link=\u00bbhttps:\/\/stagingphimostop.sansalia.com\/es\/el-producto\/uso-del-tiempo\/\u00bb][vc_btn title=\u00bbLeer el art\u00edculo\u00bb style=\u00bbflat\u00bb shape=\u00bbsquare\u00bb color=\u00bbbtn-phimo-primary\u00bb size=\u00bblg\u00bb align=\u00bbcenter\u00bb i_icon_fontawesome=\u00bbfar fa-clock\u00bb button_block=\u00bbtrue\u00bb add_icon=\u00bbtrue\u00bb link=\u00bburl:https%3A%2F%2Fstagingphimostop.sansalia.com%2Fes%2Fel-producto%2Fuso-del-tiempo%2F|title:%C2%BFCu%C3%A1nto%20tarda%3F\u00bb][\/vc_column_inner][vc_column_inner width=\u00bb1\/3&#8243;][vc_custom_heading text=\u00bbPhimostop\u00bb font_container=\u00bbtag:h3|text_align:center\u00bb google_fonts=\u00bbfont_family:Lato%3A100%2C100italic%2C300%2C300italic%2Cregular%2Citalic%2C700%2C700italic%2C900%2C900italic|font_style:700%20bold%20regular%3A700%3Anormal\u00bb link=\u00bburl:https%3A%2F%2Fstagingphimostop.sansalia.com%2Fes%2Fel-producto%2F|title:Phimostop\u00bb][vc_single_image image=\u00bb829&#8243; img_size=\u00bbfull\u00bb onclick=\u00bbcustom_link\u00bb link=\u00bbhttps:\/\/stagingphimostop.sansalia.com\/es\/el-producto\/\u00bb][vc_btn title=\u00bbIr al producto\u00bb style=\u00bbflat\u00bb shape=\u00bbsquare\u00bb color=\u00bbbtn-phimo-primary\u00bb size=\u00bblg\u00bb align=\u00bbcenter\u00bb i_icon_fontawesome=\u00bbfar fa-clock\u00bb button_block=\u00bbtrue\u00bb add_icon=\u00bbtrue\u00bb link=\u00bburl:https%3A%2F%2Fstagingphimostop.sansalia.com%2Fes%2Fel-producto%2F|title:Phimostop\u00bb][\/vc_column_inner][vc_column_inner width=\u00bb1\/3&#8243;][vc_custom_heading text=\u00bbInvestigaci\u00f3n cl\u00ednica\u00bb font_container=\u00bbtag:h3|text_align:center\u00bb google_fonts=\u00bbfont_family:Lato%3A100%2C100italic%2C300%2C300italic%2Cregular%2Citalic%2C700%2C700italic%2C900%2C900italic|font_style:700%20bold%20regular%3A700%3Anormal\u00bb link=\u00bburl:https%3A%2F%2Fstagingphimostop.sansalia.com%2Fes%2Fel-producto%2Fla-clinica-de-investigacion%2F|title:Investigaci%C3%B3n%20cl%C3%ADnica\u00bb][vc_single_image image=\u00bb921&#8243; img_size=\u00bbfull\u00bb onclick=\u00bbcustom_link\u00bb link=\u00bbhttps:\/\/stagingphimostop.sansalia.com\/es\/el-producto\/la-clinica-de-investigacion\/\u00bb][vc_btn title=\u00bbLeer el art\u00edculo\u00bb style=\u00bbflat\u00bb shape=\u00bbsquare\u00bb color=\u00bbbtn-phimo-primary\u00bb size=\u00bblg\u00bb align=\u00bbcenter\u00bb i_icon_fontawesome=\u00bbfar fa-clock\u00bb button_block=\u00bbtrue\u00bb add_icon=\u00bbtrue\u00bb link=\u00bburl:https%3A%2F%2Fstagingphimostop.sansalia.com%2Fes%2Fel-producto%2Fla-clinica-de-investigacion%2F|title:Investigaci%C3%B3n%20cl%C3%ADnica\u00bb][\/vc_column_inner][\/vc_row_inner][\/vc_column][\/vc_row]<\/p>\n","protected":false},"author":1,"featured_media":0,"parent":35596,"menu_order":0,"comment_status":"closed","ping_status":"closed","template":"page-templates\/full-width.php","meta":{"_acf_changed":false,"wl_entities_gutenberg":"","footnotes":""},"wl_entity_type":[128],"class_list":["post-35608","page","type-page","status-publish","hentry","wl_entity_type-article"],"yoast_head":"<!-- This site is optimized with the Yoast SEO plugin v24.6 - https:\/\/yoast.com\/wordpress\/plugins\/seo\/ -->\n<title>\u00bfC\u00f3mo se usa PhimoStop\u2122? Gu\u00eda para el uso de los tubos.<\/title>\n<meta name=\"description\" content=\"Descubre c\u00f3mo usar los tubos de PhimoStop\u2122 que ensanchan la piel alrededor del prepucio para resolver la fimosis sin circuncisi\u00f3n.\" \/>\n<meta name=\"robots\" content=\"index, follow, max-snippet:-1, max-image-preview:large, max-video-preview:-1\" \/>\n<link rel=\"canonical\" href=\"https:\/\/stagingphimostop.sansalia.com\/es\/el-producto\/como-utilizarlo\/\" \/>\n<meta property=\"og:locale\" content=\"es_ES\" \/>\n<meta property=\"og:type\" content=\"article\" \/>\n<meta property=\"og:title\" content=\"\u00bfC\u00f3mo se usa PhimoStop\u2122? Gu\u00eda para el uso de los tubos.\" \/>\n<meta property=\"og:description\" content=\"Descubre c\u00f3mo usar los tubos de PhimoStop\u2122 que ensanchan la piel alrededor del prepucio para resolver la fimosis sin circuncisi\u00f3n.\" \/>\n<meta property=\"og:url\" content=\"https:\/\/stagingphimostop.sansalia.com\/es\/el-producto\/como-utilizarlo\/\" \/>\n<meta property=\"og:site_name\" content=\"Phimostop\" \/>\n<meta property=\"article:publisher\" content=\"https:\/\/www.facebook.com\/phimostop\/\" \/>\n<meta property=\"article:modified_time\" content=\"2024-06-18T16:57:31+00:00\" \/>\n<meta property=\"og:image\" content=\"https:\/\/stagingphimostop.sansalia.com\/wp-content\/uploads\/2023\/02\/phimo-logo-brand.png\" \/>\n\t<meta property=\"og:image:width\" content=\"1788\" \/>\n\t<meta property=\"og:image:height\" content=\"318\" \/>\n\t<meta property=\"og:image:type\" content=\"image\/png\" \/>\n<meta name=\"twitter:card\" content=\"summary_large_image\" \/>\n<meta name=\"twitter:label1\" content=\"Tiempo de lectura\" \/>\n\t<meta name=\"twitter:data1\" content=\"4 minutos\" \/>\n<script type=\"application\/ld+json\" class=\"yoast-schema-graph\">{\"@context\":\"https:\/\/schema.org\",\"@graph\":[{\"@type\":\"WebPage\",\"@id\":\"https:\/\/stagingphimostop.sansalia.com\/es\/el-producto\/como-utilizarlo\/\",\"url\":\"https:\/\/stagingphimostop.sansalia.com\/es\/el-producto\/como-utilizarlo\/\",\"name\":\"\u00bfC\u00f3mo se usa PhimoStop\u2122? Gu\u00eda para el uso de los tubos.\",\"isPartOf\":{\"@id\":\"https:\/\/stagingphimostop.sansalia.com\/es\/#website\"},\"datePublished\":\"2023-02-24T14:16:05+00:00\",\"dateModified\":\"2024-06-18T16:57:31+00:00\",\"description\":\"Descubre c\u00f3mo usar los tubos de PhimoStop\u2122 que ensanchan la piel alrededor del prepucio para resolver la fimosis sin circuncisi\u00f3n.\",\"breadcrumb\":{\"@id\":\"https:\/\/stagingphimostop.sansalia.com\/es\/el-producto\/como-utilizarlo\/#breadcrumb\"},\"inLanguage\":\"es\",\"potentialAction\":[{\"@type\":\"ReadAction\",\"target\":[\"https:\/\/stagingphimostop.sansalia.com\/es\/el-producto\/como-utilizarlo\/\"]}]},{\"@type\":\"BreadcrumbList\",\"@id\":\"https:\/\/stagingphimostop.sansalia.com\/es\/el-producto\/como-utilizarlo\/#breadcrumb\",\"itemListElement\":[{\"@type\":\"ListItem\",\"position\":1,\"name\":\"Phimostop\",\"item\":\"https:\/\/stagingphimostop.sansalia.com\/es\/\"},{\"@type\":\"ListItem\",\"position\":2,\"name\":\"Phimostop\",\"item\":\"https:\/\/stagingphimostop.sansalia.com\/es\/il-prodotto\/\"},{\"@type\":\"ListItem\",\"position\":3,\"name\":\"C\u00f3mo utilizarlo\"}]},{\"@type\":\"WebSite\",\"@id\":\"https:\/\/stagingphimostop.sansalia.com\/es\/#website\",\"url\":\"https:\/\/stagingphimostop.sansalia.com\/es\/\",\"name\":\"Phimostop\",\"description\":\"\",\"publisher\":{\"@id\":\"https:\/\/stagingphimostop.sansalia.com\/es\/#organization\"},\"potentialAction\":[{\"@type\":\"SearchAction\",\"target\":{\"@type\":\"EntryPoint\",\"urlTemplate\":\"https:\/\/stagingphimostop.sansalia.com\/es\/?s={search_term_string}\"},\"query-input\":{\"@type\":\"PropertyValueSpecification\",\"valueRequired\":true,\"valueName\":\"search_term_string\"}}],\"inLanguage\":\"es\"},{\"@type\":\"Organization\",\"@id\":\"https:\/\/stagingphimostop.sansalia.com\/es\/#organization\",\"name\":\"Phimomed\",\"url\":\"https:\/\/stagingphimostop.sansalia.com\/es\/\",\"logo\":{\"@type\":\"ImageObject\",\"inLanguage\":\"es\",\"@id\":\"https:\/\/stagingphimostop.sansalia.com\/es\/#\/schema\/logo\/image\/\",\"url\":\"https:\/\/stagingphimostop.sansalia.com\/wp-content\/uploads\/2023\/02\/phimo-logo-brand.png\",\"contentUrl\":\"https:\/\/stagingphimostop.sansalia.com\/wp-content\/uploads\/2023\/02\/phimo-logo-brand.png\",\"width\":1788,\"height\":318,\"caption\":\"Phimomed\"},\"image\":{\"@id\":\"https:\/\/stagingphimostop.sansalia.com\/es\/#\/schema\/logo\/image\/\"},\"sameAs\":[\"https:\/\/www.facebook.com\/phimostop\/\"]}]}<\/script>\n<!-- \/ Yoast SEO plugin. -->","yoast_head_json":{"title":"\u00bfC\u00f3mo se usa PhimoStop\u2122? Gu\u00eda para el uso de los tubos.","description":"Descubre c\u00f3mo usar los tubos de PhimoStop\u2122 que ensanchan la piel alrededor del prepucio para resolver la fimosis sin circuncisi\u00f3n.","robots":{"index":"index","follow":"follow","max-snippet":"max-snippet:-1","max-image-preview":"max-image-preview:large","max-video-preview":"max-video-preview:-1"},"canonical":"https:\/\/stagingphimostop.sansalia.com\/es\/el-producto\/como-utilizarlo\/","og_locale":"es_ES","og_type":"article","og_title":"\u00bfC\u00f3mo se usa PhimoStop\u2122? Gu\u00eda para el uso de los tubos.","og_description":"Descubre c\u00f3mo usar los tubos de PhimoStop\u2122 que ensanchan la piel alrededor del prepucio para resolver la fimosis sin circuncisi\u00f3n.","og_url":"https:\/\/stagingphimostop.sansalia.com\/es\/el-producto\/como-utilizarlo\/","og_site_name":"Phimostop","article_publisher":"https:\/\/www.facebook.com\/phimostop\/","article_modified_time":"2024-06-18T16:57:31+00:00","og_image":[{"width":1788,"height":318,"url":"https:\/\/stagingphimostop.sansalia.com\/wp-content\/uploads\/2023\/02\/phimo-logo-brand.png","type":"image\/png"}],"twitter_card":"summary_large_image","twitter_misc":{"Tiempo de lectura":"4 minutos"},"schema":{"@context":"https:\/\/schema.org","@graph":[{"@type":"WebPage","@id":"https:\/\/stagingphimostop.sansalia.com\/es\/el-producto\/como-utilizarlo\/","url":"https:\/\/stagingphimostop.sansalia.com\/es\/el-producto\/como-utilizarlo\/","name":"\u00bfC\u00f3mo se usa PhimoStop\u2122? Gu\u00eda para el uso de los tubos.","isPartOf":{"@id":"https:\/\/stagingphimostop.sansalia.com\/es\/#website"},"datePublished":"2023-02-24T14:16:05+00:00","dateModified":"2024-06-18T16:57:31+00:00","description":"Descubre c\u00f3mo usar los tubos de PhimoStop\u2122 que ensanchan la piel alrededor del prepucio para resolver la fimosis sin circuncisi\u00f3n.","breadcrumb":{"@id":"https:\/\/stagingphimostop.sansalia.com\/es\/el-producto\/como-utilizarlo\/#breadcrumb"},"inLanguage":"es","potentialAction":[{"@type":"ReadAction","target":["https:\/\/stagingphimostop.sansalia.com\/es\/el-producto\/como-utilizarlo\/"]}]},{"@type":"BreadcrumbList","@id":"https:\/\/stagingphimostop.sansalia.com\/es\/el-producto\/como-utilizarlo\/#breadcrumb","itemListElement":[{"@type":"ListItem","position":1,"name":"Phimostop","item":"https:\/\/stagingphimostop.sansalia.com\/es\/"},{"@type":"ListItem","position":2,"name":"Phimostop","item":"https:\/\/stagingphimostop.sansalia.com\/es\/il-prodotto\/"},{"@type":"ListItem","position":3,"name":"C\u00f3mo utilizarlo"}]},{"@type":"WebSite","@id":"https:\/\/stagingphimostop.sansalia.com\/es\/#website","url":"https:\/\/stagingphimostop.sansalia.com\/es\/","name":"Phimostop","description":"","publisher":{"@id":"https:\/\/stagingphimostop.sansalia.com\/es\/#organization"},"potentialAction":[{"@type":"SearchAction","target":{"@type":"EntryPoint","urlTemplate":"https:\/\/stagingphimostop.sansalia.com\/es\/?s={search_term_string}"},"query-input":{"@type":"PropertyValueSpecification","valueRequired":true,"valueName":"search_term_string"}}],"inLanguage":"es"},{"@type":"Organization","@id":"https:\/\/stagingphimostop.sansalia.com\/es\/#organization","name":"Phimomed","url":"https:\/\/stagingphimostop.sansalia.com\/es\/","logo":{"@type":"ImageObject","inLanguage":"es","@id":"https:\/\/stagingphimostop.sansalia.com\/es\/#\/schema\/logo\/image\/","url":"https:\/\/stagingphimostop.sansalia.com\/wp-content\/uploads\/2023\/02\/phimo-logo-brand.png","contentUrl":"https:\/\/stagingphimostop.sansalia.com\/wp-content\/uploads\/2023\/02\/phimo-logo-brand.png","width":1788,"height":318,"caption":"Phimomed"},"image":{"@id":"https:\/\/stagingphimostop.sansalia.com\/es\/#\/schema\/logo\/image\/"},"sameAs":["https:\/\/www.facebook.com\/phimostop\/"]}]}},"_wl_alt_label":[],"acf":[],"jetpack_sharing_enabled":true,"wl:entity_url":"https:\/\/data.wordlift.io\/wl161614\/page\/como-utilizarlo","_links":{"self":[{"href":"https:\/\/stagingphimostop.sansalia.com\/es\/wp-json\/wp\/v2\/pages\/35608","targetHints":{"allow":["GET"]}}],"collection":[{"href":"https:\/\/stagingphimostop.sansalia.com\/es\/wp-json\/wp\/v2\/pages"}],"about":[{"href":"https:\/\/stagingphimostop.sansalia.com\/es\/wp-json\/wp\/v2\/types\/page"}],"author":[{"embeddable":true,"href":"https:\/\/stagingphimostop.sansalia.com\/es\/wp-json\/wp\/v2\/users\/1"}],"replies":[{"embeddable":true,"href":"https:\/\/stagingphimostop.sansalia.com\/es\/wp-json\/wp\/v2\/comments?post=35608"}],"version-history":[{"count":28,"href":"https:\/\/stagingphimostop.sansalia.com\/es\/wp-json\/wp\/v2\/pages\/35608\/revisions"}],"predecessor-version":[{"id":45089,"href":"https:\/\/stagingphimostop.sansalia.com\/es\/wp-json\/wp\/v2\/pages\/35608\/revisions\/45089"}],"up":[{"embeddable":true,"href":"https:\/\/stagingphimostop.sansalia.com\/es\/wp-json\/wp\/v2\/pages\/35596"}],"wp:attachment":[{"href":"https:\/\/stagingphimostop.sansalia.com\/es\/wp-json\/wp\/v2\/media?parent=35608"}],"wp:term":[{"taxonomy":"wl_entity_type","embeddable":true,"href":"https:\/\/stagingphimostop.sansalia.com\/es\/wp-json\/wp\/v2\/wl_entity_type?post=35608"}],"curies":[{"name":"wp","href":"https:\/\/api.w.org\/{rel}","templated":true}]}}