{"id":35554,"date":"2019-03-07T11:11:33","date_gmt":"2019-03-07T11:11:33","guid":{"rendered":"https:\/\/stagingphimostop.sansalia.com\/contacto\/"},"modified":"2024-03-10T11:43:47","modified_gmt":"2024-03-10T11:43:47","slug":"contacto","status":"publish","type":"page","link":"https:\/\/stagingphimostop.sansalia.com\/es\/contacto\/","title":{"rendered":"contacto"},"content":{"rendered":"<section class=\"wpb-content-wrapper\"><p>[vc_row full_width=\u00bbstretch_row\u00bb css=\u00bb.vc_custom_1676621647805{margin-bottom: -90px !important;padding-top: 0px !important;padding-bottom: 90px !important;background-color: #f5f5f5 !important;}\u00bb][vc_column width=\u00bb7\/12&#8243;]\t<div class=\"container main-heading-container\">\n\t\t<div class=\"main-title \">\n\t\t\t<h2>Contacto!<\/h2><p>Si tiene alguna pregunta sobre la fimosis o Phimostop, nuestro equipo de expertos est\u00e1 preparado para ayudarle. No dude en ponerse en contacto con nosotros a trav\u00e9s del siguiente formulario. Estamos aqu\u00ed para ofrecerle el apoyo y las respuestas que necesita para alcanzar la salud sexual que se merece.<\/p>\t\t<\/div>\n\t<\/div>\n\t[vc_column_text css=\u00bb.vc_custom_1695851734182{padding-right: 15px !important;padding-left: 15px !important;}\u00bb]<small>Los datos enviados por correo electr\u00f3nico se procesan de conformidad con el art\u00edculo 13 del Decreto Legislativo. N\u00ba 196\/2003, por lo tanto:<\/small><\/p>\n<ol style=\"margin-top: -15px;\">\n<li><small>Los datos personales no se utilizar\u00e1n para enviar material publicitario, promociones y similares.<\/small><\/li>\n<li><small>Los datos facilitados ser\u00e1n tratados \u00fanica y exclusivamente con la finalidad de prestar el servicio solicitado de la mejor manera posible.<\/small><\/li>\n<li><small>Los datos se tratar\u00e1n de las siguientes formas: informatizada.<\/small><\/li>\n<li><small>Los datos no se comunicar\u00e1n a terceros ni se difundir\u00e1n.<\/small><\/li>\n<li><small>Es obligatorio indicar el nombre del remitente al enviar correos electr\u00f3nicos;<\/small><\/li>\n<\/ol>\n<p>[\/vc_column_text][\/vc_column][vc_column width=\u00bb5\/12&#8243;]\t<div class=\"contact-get\">\n\t\t\t\t\t<div class=\"main-title\">\n\t\t\t\t<p>Si desea ponerse en contacto con nosotros directamente, utilice los datos de contacto indicados, nos pondremos en contacto con usted lo antes posible. \u00a1Estamos a su entera disposici\u00f3n!<\/p>\t\t\t<\/div>\n\t\t\t\t<div class=\"get-in-touch\">\n\t\t\t<div class=\"detail\">\n\t\t\t\t<span><b>Email:<\/b> <a href=\"mailto:customer@phimostop.com\">&#99;us&#116;o&#109;er&#64;ph&#105;m&#111;stop&#46;c&#111;m<\/a><\/span><span><b>Website:<\/b> <a href=\"https:\/\/stagingphimostop.sansalia.com\" target=\"_blank\">https:\/\/stagingphimostop.sansalia.com<\/a><\/span><span><b>Address:<\/b> Via Acusilao, 46, 00124 Roma<\/span>\t\t\t<\/div>\n\t\t\t\t\t<\/div>\n\t<\/div>\n\t[\/vc_column][\/vc_row]<\/p>\n<\/section>","protected":false},"excerpt":{"rendered":"<p>[vc_row full_width=\u00bbstretch_row\u00bb css=\u00bb.vc_custom_1676621647805{margin-bottom: -90px !important;padding-top: 0px !important;padding-bottom: 90px !important;background-color: #f5f5f5 !important;}\u00bb][vc_column width=\u00bb7\/12&#8243;][vc_column_text css=\u00bb.vc_custom_1695851734182{padding-right: 15px !important;padding-left: 15px !important;}\u00bb]Los datos enviados por correo electr\u00f3nico se procesan de conformidad con el art\u00edculo 13 del Decreto Legislativo. N\u00ba 196\/2003, por lo tanto: Los datos personales no se utilizar\u00e1n para enviar material publicitario, promociones y similares. Los datos facilitados ser\u00e1n tratados \u00fanica y exclusivamente con la finalidad de prestar el servicio solicitado de la mejor manera posible. Los datos se tratar\u00e1n de las siguientes formas: informatizada. Los datos no se comunicar\u00e1n a terceros ni se difundir\u00e1n. Es obligatorio indicar el nombre del remitente al enviar correos electr\u00f3nicos; [\/vc_column_text][\/vc_column][vc_column width=\u00bb5\/12&#8243;][\/vc_column][\/vc_row]<\/p>\n","protected":false},"author":1,"featured_media":0,"parent":0,"menu_order":0,"comment_status":"closed","ping_status":"closed","template":"page-templates\/full-width.php","meta":{"_acf_changed":false,"wl_entities_gutenberg":"","footnotes":""},"wl_entity_type":[128],"class_list":["post-35554","page","type-page","status-publish","hentry","wl_entity_type-article"],"yoast_head":"<!-- This site is optimized with the Yoast SEO plugin v24.6 - https:\/\/yoast.com\/wordpress\/plugins\/seo\/ -->\n<title>contacto | Phimostop<\/title>\n<meta name=\"robots\" content=\"index, follow, max-snippet:-1, max-image-preview:large, max-video-preview:-1\" \/>\n<link rel=\"canonical\" href=\"https:\/\/stagingphimostop.sansalia.com\/es\/contacto\/\" \/>\n<meta property=\"og:locale\" content=\"es_ES\" \/>\n<meta property=\"og:type\" content=\"article\" \/>\n<meta property=\"og:title\" content=\"contacto | Phimostop\" \/>\n<meta property=\"og:description\" content=\"[vc_row full_width=\u00bbstretch_row\u00bb css=\u00bb.vc_custom_1676621647805{margin-bottom: -90px !important;padding-top: 0px !important;padding-bottom: 90px !important;background-color: #f5f5f5 !important;}\u00bb][vc_column width=\u00bb7\/12&#8243;][vc_column_text css=\u00bb.vc_custom_1695851734182{padding-right: 15px !important;padding-left: 15px !important;}\u00bb]Los datos enviados por correo electr\u00f3nico se procesan de conformidad con el art\u00edculo 13 del Decreto Legislativo. N\u00ba 196\/2003, por lo tanto: Los datos personales no se utilizar\u00e1n para enviar material publicitario, promociones y similares. Los datos facilitados ser\u00e1n tratados \u00fanica y exclusivamente con la finalidad de prestar el servicio solicitado de la mejor manera posible. Los datos se tratar\u00e1n de las siguientes formas: informatizada. Los datos no se comunicar\u00e1n a terceros ni se difundir\u00e1n. Es obligatorio indicar el nombre del remitente al enviar correos electr\u00f3nicos; [\/vc_column_text][\/vc_column][vc_column width=\u00bb5\/12&#8243;][\/vc_column][\/vc_row]\" \/>\n<meta property=\"og:url\" content=\"https:\/\/stagingphimostop.sansalia.com\/es\/contacto\/\" \/>\n<meta property=\"og:site_name\" content=\"Phimostop\" \/>\n<meta property=\"article:publisher\" content=\"https:\/\/www.facebook.com\/phimostop\/\" \/>\n<meta property=\"article:modified_time\" content=\"2024-03-10T11:43:47+00:00\" \/>\n<meta property=\"og:image\" content=\"https:\/\/stagingphimostop.sansalia.com\/wp-content\/uploads\/2023\/02\/phimo-logo-brand.png\" \/>\n\t<meta property=\"og:image:width\" content=\"1788\" \/>\n\t<meta property=\"og:image:height\" content=\"318\" \/>\n\t<meta property=\"og:image:type\" content=\"image\/png\" \/>\n<meta name=\"twitter:card\" content=\"summary_large_image\" \/>\n<meta name=\"twitter:label1\" content=\"Tiempo de lectura\" \/>\n\t<meta name=\"twitter:data1\" content=\"1 minuto\" \/>\n<script type=\"application\/ld+json\" class=\"yoast-schema-graph\">{\"@context\":\"https:\/\/schema.org\",\"@graph\":[{\"@type\":\"WebPage\",\"@id\":\"https:\/\/stagingphimostop.sansalia.com\/es\/contacto\/\",\"url\":\"https:\/\/stagingphimostop.sansalia.com\/es\/contacto\/\",\"name\":\"contacto | Phimostop\",\"isPartOf\":{\"@id\":\"https:\/\/stagingphimostop.sansalia.com\/es\/#website\"},\"datePublished\":\"2019-03-07T11:11:33+00:00\",\"dateModified\":\"2024-03-10T11:43:47+00:00\",\"breadcrumb\":{\"@id\":\"https:\/\/stagingphimostop.sansalia.com\/es\/contacto\/#breadcrumb\"},\"inLanguage\":\"es\",\"potentialAction\":[{\"@type\":\"ReadAction\",\"target\":[\"https:\/\/stagingphimostop.sansalia.com\/es\/contacto\/\"]}]},{\"@type\":\"BreadcrumbList\",\"@id\":\"https:\/\/stagingphimostop.sansalia.com\/es\/contacto\/#breadcrumb\",\"itemListElement\":[{\"@type\":\"ListItem\",\"position\":1,\"name\":\"Phimostop\",\"item\":\"https:\/\/stagingphimostop.sansalia.com\/es\/\"},{\"@type\":\"ListItem\",\"position\":2,\"name\":\"contacto\"}]},{\"@type\":\"WebSite\",\"@id\":\"https:\/\/stagingphimostop.sansalia.com\/es\/#website\",\"url\":\"https:\/\/stagingphimostop.sansalia.com\/es\/\",\"name\":\"Phimostop\",\"description\":\"\",\"publisher\":{\"@id\":\"https:\/\/stagingphimostop.sansalia.com\/es\/#organization\"},\"potentialAction\":[{\"@type\":\"SearchAction\",\"target\":{\"@type\":\"EntryPoint\",\"urlTemplate\":\"https:\/\/stagingphimostop.sansalia.com\/es\/?s={search_term_string}\"},\"query-input\":{\"@type\":\"PropertyValueSpecification\",\"valueRequired\":true,\"valueName\":\"search_term_string\"}}],\"inLanguage\":\"es\"},{\"@type\":\"Organization\",\"@id\":\"https:\/\/stagingphimostop.sansalia.com\/es\/#organization\",\"name\":\"Phimomed\",\"url\":\"https:\/\/stagingphimostop.sansalia.com\/es\/\",\"logo\":{\"@type\":\"ImageObject\",\"inLanguage\":\"es\",\"@id\":\"https:\/\/stagingphimostop.sansalia.com\/es\/#\/schema\/logo\/image\/\",\"url\":\"https:\/\/stagingphimostop.sansalia.com\/wp-content\/uploads\/2023\/02\/phimo-logo-brand.png\",\"contentUrl\":\"https:\/\/stagingphimostop.sansalia.com\/wp-content\/uploads\/2023\/02\/phimo-logo-brand.png\",\"width\":1788,\"height\":318,\"caption\":\"Phimomed\"},\"image\":{\"@id\":\"https:\/\/stagingphimostop.sansalia.com\/es\/#\/schema\/logo\/image\/\"},\"sameAs\":[\"https:\/\/www.facebook.com\/phimostop\/\"]}]}<\/script>\n<!-- \/ Yoast SEO plugin. -->","yoast_head_json":{"title":"contacto | Phimostop","robots":{"index":"index","follow":"follow","max-snippet":"max-snippet:-1","max-image-preview":"max-image-preview:large","max-video-preview":"max-video-preview:-1"},"canonical":"https:\/\/stagingphimostop.sansalia.com\/es\/contacto\/","og_locale":"es_ES","og_type":"article","og_title":"contacto | Phimostop","og_description":"[vc_row full_width=\u00bbstretch_row\u00bb css=\u00bb.vc_custom_1676621647805{margin-bottom: -90px !important;padding-top: 0px !important;padding-bottom: 90px !important;background-color: #f5f5f5 !important;}\u00bb][vc_column width=\u00bb7\/12&#8243;][vc_column_text css=\u00bb.vc_custom_1695851734182{padding-right: 15px !important;padding-left: 15px !important;}\u00bb]Los datos enviados por correo electr\u00f3nico se procesan de conformidad con el art\u00edculo 13 del Decreto Legislativo. N\u00ba 196\/2003, por lo tanto: Los datos personales no se utilizar\u00e1n para enviar material publicitario, promociones y similares. Los datos facilitados ser\u00e1n tratados \u00fanica y exclusivamente con la finalidad de prestar el servicio solicitado de la mejor manera posible. Los datos se tratar\u00e1n de las siguientes formas: informatizada. Los datos no se comunicar\u00e1n a terceros ni se difundir\u00e1n. Es obligatorio indicar el nombre del remitente al enviar correos electr\u00f3nicos; [\/vc_column_text][\/vc_column][vc_column width=\u00bb5\/12&#8243;][\/vc_column][\/vc_row]","og_url":"https:\/\/stagingphimostop.sansalia.com\/es\/contacto\/","og_site_name":"Phimostop","article_publisher":"https:\/\/www.facebook.com\/phimostop\/","article_modified_time":"2024-03-10T11:43:47+00:00","og_image":[{"width":1788,"height":318,"url":"https:\/\/stagingphimostop.sansalia.com\/wp-content\/uploads\/2023\/02\/phimo-logo-brand.png","type":"image\/png"}],"twitter_card":"summary_large_image","twitter_misc":{"Tiempo de lectura":"1 minuto"},"schema":{"@context":"https:\/\/schema.org","@graph":[{"@type":"WebPage","@id":"https:\/\/stagingphimostop.sansalia.com\/es\/contacto\/","url":"https:\/\/stagingphimostop.sansalia.com\/es\/contacto\/","name":"contacto | Phimostop","isPartOf":{"@id":"https:\/\/stagingphimostop.sansalia.com\/es\/#website"},"datePublished":"2019-03-07T11:11:33+00:00","dateModified":"2024-03-10T11:43:47+00:00","breadcrumb":{"@id":"https:\/\/stagingphimostop.sansalia.com\/es\/contacto\/#breadcrumb"},"inLanguage":"es","potentialAction":[{"@type":"ReadAction","target":["https:\/\/stagingphimostop.sansalia.com\/es\/contacto\/"]}]},{"@type":"BreadcrumbList","@id":"https:\/\/stagingphimostop.sansalia.com\/es\/contacto\/#breadcrumb","itemListElement":[{"@type":"ListItem","position":1,"name":"Phimostop","item":"https:\/\/stagingphimostop.sansalia.com\/es\/"},{"@type":"ListItem","position":2,"name":"contacto"}]},{"@type":"WebSite","@id":"https:\/\/stagingphimostop.sansalia.com\/es\/#website","url":"https:\/\/stagingphimostop.sansalia.com\/es\/","name":"Phimostop","description":"","publisher":{"@id":"https:\/\/stagingphimostop.sansalia.com\/es\/#organization"},"potentialAction":[{"@type":"SearchAction","target":{"@type":"EntryPoint","urlTemplate":"https:\/\/stagingphimostop.sansalia.com\/es\/?s={search_term_string}"},"query-input":{"@type":"PropertyValueSpecification","valueRequired":true,"valueName":"search_term_string"}}],"inLanguage":"es"},{"@type":"Organization","@id":"https:\/\/stagingphimostop.sansalia.com\/es\/#organization","name":"Phimomed","url":"https:\/\/stagingphimostop.sansalia.com\/es\/","logo":{"@type":"ImageObject","inLanguage":"es","@id":"https:\/\/stagingphimostop.sansalia.com\/es\/#\/schema\/logo\/image\/","url":"https:\/\/stagingphimostop.sansalia.com\/wp-content\/uploads\/2023\/02\/phimo-logo-brand.png","contentUrl":"https:\/\/stagingphimostop.sansalia.com\/wp-content\/uploads\/2023\/02\/phimo-logo-brand.png","width":1788,"height":318,"caption":"Phimomed"},"image":{"@id":"https:\/\/stagingphimostop.sansalia.com\/es\/#\/schema\/logo\/image\/"},"sameAs":["https:\/\/www.facebook.com\/phimostop\/"]}]}},"_wl_alt_label":[],"acf":[],"jetpack_sharing_enabled":true,"wl:entity_url":"https:\/\/data.wordlift.io\/wl161614\/page\/contacto","_links":{"self":[{"href":"https:\/\/stagingphimostop.sansalia.com\/es\/wp-json\/wp\/v2\/pages\/35554","targetHints":{"allow":["GET"]}}],"collection":[{"href":"https:\/\/stagingphimostop.sansalia.com\/es\/wp-json\/wp\/v2\/pages"}],"about":[{"href":"https:\/\/stagingphimostop.sansalia.com\/es\/wp-json\/wp\/v2\/types\/page"}],"author":[{"embeddable":true,"href":"https:\/\/stagingphimostop.sansalia.com\/es\/wp-json\/wp\/v2\/users\/1"}],"replies":[{"embeddable":true,"href":"https:\/\/stagingphimostop.sansalia.com\/es\/wp-json\/wp\/v2\/comments?post=35554"}],"version-history":[{"count":16,"href":"https:\/\/stagingphimostop.sansalia.com\/es\/wp-json\/wp\/v2\/pages\/35554\/revisions"}],"predecessor-version":[{"id":43261,"href":"https:\/\/stagingphimostop.sansalia.com\/es\/wp-json\/wp\/v2\/pages\/35554\/revisions\/43261"}],"wp:attachment":[{"href":"https:\/\/stagingphimostop.sansalia.com\/es\/wp-json\/wp\/v2\/media?parent=35554"}],"wp:term":[{"taxonomy":"wl_entity_type","embeddable":true,"href":"https:\/\/stagingphimostop.sansalia.com\/es\/wp-json\/wp\/v2\/wl_entity_type?post=35554"}],"curies":[{"name":"wp","href":"https:\/\/api.w.org\/{rel}","templated":true}]}}