{"id":36509,"date":"2023-05-11T16:41:57","date_gmt":"2023-05-11T16:41:57","guid":{"rendered":"https:\/\/stagingphimostop.sansalia.com\/?page_id=36509"},"modified":"2024-03-27T16:05:04","modified_gmt":"2024-03-27T16:05:04","slug":"versand","status":"publish","type":"page","link":"https:\/\/stagingphimostop.sansalia.com\/de\/versand\/","title":{"rendered":"Versand"},"content":{"rendered":"<section class=\"wpb-content-wrapper\"><p>[vc_row][vc_column][vc_column_text]<\/p>\n<div class=\"fusion-title title fusion-title-1 fusion-sep-none fusion-title-text fusion-title-size-one fusion-border-below-title\">\n<div class=\"fusion-title title fusion-title-1 fusion-sep-none fusion-title-text fusion-title-size-one fusion-border-below-title\">\n<h2 class=\"grigione\" align=\"justify\">Versand\u00a0Phimostop<\/h2>\n<\/div>\n<div class=\"fusion-text fusion-text-1\">\n<p>Der\u00a0<strong>KOSTENLOSE\u00a0Versand<\/strong>\u00a0(au\u00dfer eventuelle Zollgeb\u00fchren, die dem Kunden berechnet werden) umfasst:<\/p>\n<ul>\n<li>Lieferung in\u00a0<strong>EUROPA<\/strong> innerhalb von <strong>5\u00a0Arbeitstagen<\/strong>\u00a0ab Versanddatum (der Versand erfolgt \u00fcblicherweise einen Arbeitstag nach der Bestellung)<\/li>\n<li>Lieferung\u00a0<strong>AUSSERHALB EUROPAS bedarf mehr als 10 Arbeitstage<\/strong><\/li>\n<li><strong>Absolut anonyme<\/strong>\u00a0Lieferung: der Absender ist\u00a0<em>Carlo Boschetto<\/em>\u00a0und auf dem Umschlag sind\u00a0<strong>keine Hinweise auf das Produkt oder die Marke<\/strong><\/li>\n<li>Lieferung an den Empf\u00e4nger.<\/li>\n<li>Nachverfolgung des Pakets f\u00fcr den gesamten Versandweg. Bei Paketversand erhalten Sie eine E-Mail von unserem Partner HIVE. Die Mail enth\u00e4lt die <strong>Versandnummer und Hinweise zur Nachverfolgung<\/strong>. Bei Problemen oder Verz\u00f6gerungen kontaktieren Sie bitte\u00a0<a href=\"mailto:customer@phimostop.com\">customer@phimostop.com<\/a>.<\/li>\n<\/ul>\n<p>Lieferung nach Europa, Schweiz, UK, USA, Kanada, Australien, Norwegen, Serbien, Bosnien, Montenegro, Albanien, Mazedonien<\/p>\n<\/div>\n<div class=\"fusion-title title fusion-title-2 fusion-sep-none fusion-title-text fusion-title-size-two fusion-border-below-title\">\n<h2 class=\"title-heading-left\"><\/h2>\n<h2>Recht auf Bedenkzeit<\/h2>\n<\/div>\n<div class=\"fusion-text fusion-text-2\">\n<p>Wenn Sie Ihre Meinung \u00e4ndern, k\u00f6nnenSie Ihre Bestellungauf zwei Arten stornieren:<\/p>\n<ol>\n<li>Lieferung ablehnen. In diesem Fall erfolgt eine R\u00fcckerstattung durch Abzug der Versandkosten (10 \u20ac).<\/li>\n<li>Durch Zur\u00fccksenden des P\u00e4ckchens an Phimomed Srls Via Acusilao 46, 00124 Rom,\u00a0<strong>unbesch\u00e4digt in der Originalverpackung<\/strong>. R\u00fccksendekosten tr\u00e4gt der Absender.<\/li>\n<\/ol>\n<p>Andernfalls entf\u00e4llt das R\u00fccktrittsrecht, da es sich um ein Produkt f\u00fcr die Anwendung im Intimbereich handelt und das Recht auf Bedenkzeit nicht akzeptiert werden kann.<\/p>\n<\/div>\n<\/div>\n<p>[\/vc_column_text][\/vc_column][\/vc_row]<\/p>\n<\/section>","protected":false},"excerpt":{"rendered":"<p>[vc_row][vc_column][vc_column_text] Versand\u00a0Phimostop Der\u00a0KOSTENLOSE\u00a0Versand\u00a0(au\u00dfer eventuelle Zollgeb\u00fchren, die dem Kunden berechnet werden) umfasst: Lieferung in\u00a0EUROPA innerhalb von 5\u00a0Arbeitstagen\u00a0ab Versanddatum (der Versand erfolgt \u00fcblicherweise einen Arbeitstag nach der Bestellung) Lieferung\u00a0AUSSERHALB EUROPAS bedarf mehr als 10 Arbeitstage Absolut anonyme\u00a0Lieferung: der Absender ist\u00a0Carlo Boschetto\u00a0und auf dem Umschlag sind\u00a0keine Hinweise auf das Produkt oder die Marke Lieferung an den Empf\u00e4nger. Nachverfolgung des Pakets f\u00fcr den gesamten Versandweg. Bei Paketversand erhalten Sie eine E-Mail von unserem Partner HIVE. Die Mail enth\u00e4lt die Versandnummer und Hinweise zur Nachverfolgung. Bei Problemen oder Verz\u00f6gerungen kontaktieren Sie bitte\u00a0customer@phimostop.com. Lieferung nach Europa, Schweiz, UK, USA, Kanada, Australien, Norwegen, Serbien, Bosnien, Montenegro, Albanien, Mazedonien Recht auf Bedenkzeit Wenn Sie Ihre Meinung \u00e4ndern, k\u00f6nnenSie Ihre Bestellungauf zwei Arten stornieren: Lieferung ablehnen. In diesem Fall erfolgt eine R\u00fcckerstattung durch Abzug der Versandkosten (10 \u20ac). Durch Zur\u00fccksenden des P\u00e4ckchens an Phimomed Srls Via Acusilao 46, 00124 Rom,\u00a0unbesch\u00e4digt in der Originalverpackung. R\u00fccksendekosten tr\u00e4gt der Absender. Andernfalls entf\u00e4llt das R\u00fccktrittsrecht, da es sich um ein Produkt f\u00fcr die Anwendung im Intimbereich handelt und das Recht auf Bedenkzeit nicht akzeptiert werden kann. [\/vc_column_text][\/vc_column][\/vc_row]<\/p>\n","protected":false},"author":1,"featured_media":0,"parent":0,"menu_order":0,"comment_status":"closed","ping_status":"closed","template":"page-templates\/full-width.php","meta":{"_acf_changed":false,"wl_entities_gutenberg":"","footnotes":""},"wl_entity_type":[128],"class_list":["post-36509","page","type-page","status-publish","hentry","wl_entity_type-article"],"yoast_head":"<!-- This site is optimized with the Yoast SEO plugin v24.6 - https:\/\/yoast.com\/wordpress\/plugins\/seo\/ -->\n<title>Versand | Phimostop<\/title>\n<meta name=\"description\" content=\"Phimostop KOSTENLOSE Versand. Lieferung in EUROPA innerhalb von 5 Arbeitstagen ab Versanddatum. Lieferung AUSSERHALB EUROPAS bedarf mehr als 10 Arbeitstage\" \/>\n<meta name=\"robots\" content=\"index, follow, max-snippet:-1, max-image-preview:large, max-video-preview:-1\" \/>\n<link rel=\"canonical\" href=\"https:\/\/stagingphimostop.sansalia.com\/de\/versand\/\" \/>\n<meta property=\"og:locale\" content=\"de_DE\" \/>\n<meta property=\"og:type\" content=\"article\" \/>\n<meta property=\"og:title\" content=\"Versand | Phimostop\" \/>\n<meta property=\"og:description\" content=\"Phimostop KOSTENLOSE Versand. Lieferung in EUROPA innerhalb von 5 Arbeitstagen ab Versanddatum. Lieferung AUSSERHALB EUROPAS bedarf mehr als 10 Arbeitstage\" \/>\n<meta property=\"og:url\" content=\"https:\/\/stagingphimostop.sansalia.com\/de\/versand\/\" \/>\n<meta property=\"og:site_name\" content=\"Phimostop\" \/>\n<meta property=\"article:publisher\" content=\"https:\/\/www.facebook.com\/phimostop\/\" \/>\n<meta property=\"article:modified_time\" content=\"2024-03-27T16:05:04+00:00\" \/>\n<meta property=\"og:image\" content=\"https:\/\/stagingphimostop.sansalia.com\/wp-content\/uploads\/2023\/02\/phimo-logo-brand.png\" \/>\n\t<meta property=\"og:image:width\" content=\"1788\" \/>\n\t<meta property=\"og:image:height\" content=\"318\" \/>\n\t<meta property=\"og:image:type\" content=\"image\/png\" \/>\n<meta name=\"twitter:card\" content=\"summary_large_image\" \/>\n<meta name=\"twitter:label1\" content=\"Gesch\u00e4tzte Lesezeit\" \/>\n\t<meta name=\"twitter:data1\" content=\"1\u00a0Minute\" \/>\n<script type=\"application\/ld+json\" class=\"yoast-schema-graph\">{\"@context\":\"https:\/\/schema.org\",\"@graph\":[{\"@type\":\"WebPage\",\"@id\":\"https:\/\/stagingphimostop.sansalia.com\/de\/versand\/\",\"url\":\"https:\/\/stagingphimostop.sansalia.com\/de\/versand\/\",\"name\":\"Versand | Phimostop\",\"isPartOf\":{\"@id\":\"https:\/\/stagingphimostop.sansalia.com\/de\/#website\"},\"datePublished\":\"2023-05-11T16:41:57+00:00\",\"dateModified\":\"2024-03-27T16:05:04+00:00\",\"description\":\"Phimostop KOSTENLOSE Versand. Lieferung in EUROPA innerhalb von 5 Arbeitstagen ab Versanddatum. Lieferung AUSSERHALB EUROPAS bedarf mehr als 10 Arbeitstage\",\"breadcrumb\":{\"@id\":\"https:\/\/stagingphimostop.sansalia.com\/de\/versand\/#breadcrumb\"},\"inLanguage\":\"de\",\"potentialAction\":[{\"@type\":\"ReadAction\",\"target\":[\"https:\/\/stagingphimostop.sansalia.com\/de\/versand\/\"]}]},{\"@type\":\"BreadcrumbList\",\"@id\":\"https:\/\/stagingphimostop.sansalia.com\/de\/versand\/#breadcrumb\",\"itemListElement\":[{\"@type\":\"ListItem\",\"position\":1,\"name\":\"Phimostop\",\"item\":\"https:\/\/stagingphimostop.sansalia.com\/de\/\"},{\"@type\":\"ListItem\",\"position\":2,\"name\":\"Versand\"}]},{\"@type\":\"WebSite\",\"@id\":\"https:\/\/stagingphimostop.sansalia.com\/de\/#website\",\"url\":\"https:\/\/stagingphimostop.sansalia.com\/de\/\",\"name\":\"Phimostop\",\"description\":\"\",\"publisher\":{\"@id\":\"https:\/\/stagingphimostop.sansalia.com\/de\/#organization\"},\"potentialAction\":[{\"@type\":\"SearchAction\",\"target\":{\"@type\":\"EntryPoint\",\"urlTemplate\":\"https:\/\/stagingphimostop.sansalia.com\/de\/?s={search_term_string}\"},\"query-input\":{\"@type\":\"PropertyValueSpecification\",\"valueRequired\":true,\"valueName\":\"search_term_string\"}}],\"inLanguage\":\"de\"},{\"@type\":\"Organization\",\"@id\":\"https:\/\/stagingphimostop.sansalia.com\/de\/#organization\",\"name\":\"Phimomed\",\"url\":\"https:\/\/stagingphimostop.sansalia.com\/de\/\",\"logo\":{\"@type\":\"ImageObject\",\"inLanguage\":\"de\",\"@id\":\"https:\/\/stagingphimostop.sansalia.com\/de\/#\/schema\/logo\/image\/\",\"url\":\"https:\/\/stagingphimostop.sansalia.com\/wp-content\/uploads\/2023\/02\/phimo-logo-brand.png\",\"contentUrl\":\"https:\/\/stagingphimostop.sansalia.com\/wp-content\/uploads\/2023\/02\/phimo-logo-brand.png\",\"width\":1788,\"height\":318,\"caption\":\"Phimomed\"},\"image\":{\"@id\":\"https:\/\/stagingphimostop.sansalia.com\/de\/#\/schema\/logo\/image\/\"},\"sameAs\":[\"https:\/\/www.facebook.com\/phimostop\/\"]}]}<\/script>\n<!-- \/ Yoast SEO plugin. -->","yoast_head_json":{"title":"Versand | Phimostop","description":"Phimostop KOSTENLOSE Versand. Lieferung in EUROPA innerhalb von 5 Arbeitstagen ab Versanddatum. Lieferung AUSSERHALB EUROPAS bedarf mehr als 10 Arbeitstage","robots":{"index":"index","follow":"follow","max-snippet":"max-snippet:-1","max-image-preview":"max-image-preview:large","max-video-preview":"max-video-preview:-1"},"canonical":"https:\/\/stagingphimostop.sansalia.com\/de\/versand\/","og_locale":"de_DE","og_type":"article","og_title":"Versand | Phimostop","og_description":"Phimostop KOSTENLOSE Versand. Lieferung in EUROPA innerhalb von 5 Arbeitstagen ab Versanddatum. Lieferung AUSSERHALB EUROPAS bedarf mehr als 10 Arbeitstage","og_url":"https:\/\/stagingphimostop.sansalia.com\/de\/versand\/","og_site_name":"Phimostop","article_publisher":"https:\/\/www.facebook.com\/phimostop\/","article_modified_time":"2024-03-27T16:05:04+00:00","og_image":[{"width":1788,"height":318,"url":"https:\/\/stagingphimostop.sansalia.com\/wp-content\/uploads\/2023\/02\/phimo-logo-brand.png","type":"image\/png"}],"twitter_card":"summary_large_image","twitter_misc":{"Gesch\u00e4tzte Lesezeit":"1\u00a0Minute"},"schema":{"@context":"https:\/\/schema.org","@graph":[{"@type":"WebPage","@id":"https:\/\/stagingphimostop.sansalia.com\/de\/versand\/","url":"https:\/\/stagingphimostop.sansalia.com\/de\/versand\/","name":"Versand | Phimostop","isPartOf":{"@id":"https:\/\/stagingphimostop.sansalia.com\/de\/#website"},"datePublished":"2023-05-11T16:41:57+00:00","dateModified":"2024-03-27T16:05:04+00:00","description":"Phimostop KOSTENLOSE Versand. Lieferung in EUROPA innerhalb von 5 Arbeitstagen ab Versanddatum. Lieferung AUSSERHALB EUROPAS bedarf mehr als 10 Arbeitstage","breadcrumb":{"@id":"https:\/\/stagingphimostop.sansalia.com\/de\/versand\/#breadcrumb"},"inLanguage":"de","potentialAction":[{"@type":"ReadAction","target":["https:\/\/stagingphimostop.sansalia.com\/de\/versand\/"]}]},{"@type":"BreadcrumbList","@id":"https:\/\/stagingphimostop.sansalia.com\/de\/versand\/#breadcrumb","itemListElement":[{"@type":"ListItem","position":1,"name":"Phimostop","item":"https:\/\/stagingphimostop.sansalia.com\/de\/"},{"@type":"ListItem","position":2,"name":"Versand"}]},{"@type":"WebSite","@id":"https:\/\/stagingphimostop.sansalia.com\/de\/#website","url":"https:\/\/stagingphimostop.sansalia.com\/de\/","name":"Phimostop","description":"","publisher":{"@id":"https:\/\/stagingphimostop.sansalia.com\/de\/#organization"},"potentialAction":[{"@type":"SearchAction","target":{"@type":"EntryPoint","urlTemplate":"https:\/\/stagingphimostop.sansalia.com\/de\/?s={search_term_string}"},"query-input":{"@type":"PropertyValueSpecification","valueRequired":true,"valueName":"search_term_string"}}],"inLanguage":"de"},{"@type":"Organization","@id":"https:\/\/stagingphimostop.sansalia.com\/de\/#organization","name":"Phimomed","url":"https:\/\/stagingphimostop.sansalia.com\/de\/","logo":{"@type":"ImageObject","inLanguage":"de","@id":"https:\/\/stagingphimostop.sansalia.com\/de\/#\/schema\/logo\/image\/","url":"https:\/\/stagingphimostop.sansalia.com\/wp-content\/uploads\/2023\/02\/phimo-logo-brand.png","contentUrl":"https:\/\/stagingphimostop.sansalia.com\/wp-content\/uploads\/2023\/02\/phimo-logo-brand.png","width":1788,"height":318,"caption":"Phimomed"},"image":{"@id":"https:\/\/stagingphimostop.sansalia.com\/de\/#\/schema\/logo\/image\/"},"sameAs":["https:\/\/www.facebook.com\/phimostop\/"]}]}},"_wl_alt_label":[],"acf":[],"jetpack_sharing_enabled":true,"wl:entity_url":"https:\/\/data.wordlift.io\/wl161614\/page\/versand","_links":{"self":[{"href":"https:\/\/stagingphimostop.sansalia.com\/de\/wp-json\/wp\/v2\/pages\/36509","targetHints":{"allow":["GET"]}}],"collection":[{"href":"https:\/\/stagingphimostop.sansalia.com\/de\/wp-json\/wp\/v2\/pages"}],"about":[{"href":"https:\/\/stagingphimostop.sansalia.com\/de\/wp-json\/wp\/v2\/types\/page"}],"author":[{"embeddable":true,"href":"https:\/\/stagingphimostop.sansalia.com\/de\/wp-json\/wp\/v2\/users\/1"}],"replies":[{"embeddable":true,"href":"https:\/\/stagingphimostop.sansalia.com\/de\/wp-json\/wp\/v2\/comments?post=36509"}],"version-history":[{"count":4,"href":"https:\/\/stagingphimostop.sansalia.com\/de\/wp-json\/wp\/v2\/pages\/36509\/revisions"}],"predecessor-version":[{"id":43790,"href":"https:\/\/stagingphimostop.sansalia.com\/de\/wp-json\/wp\/v2\/pages\/36509\/revisions\/43790"}],"wp:attachment":[{"href":"https:\/\/stagingphimostop.sansalia.com\/de\/wp-json\/wp\/v2\/media?parent=36509"}],"wp:term":[{"taxonomy":"wl_entity_type","embeddable":true,"href":"https:\/\/stagingphimostop.sansalia.com\/de\/wp-json\/wp\/v2\/wl_entity_type?post=36509"}],"curies":[{"name":"wp","href":"https:\/\/api.w.org\/{rel}","templated":true}]}}