{"id":35551,"date":"2019-03-07T11:11:33","date_gmt":"2019-03-07T11:11:33","guid":{"rendered":"https:\/\/stagingphimostop.sansalia.com\/kontakt\/"},"modified":"2024-03-10T11:42:17","modified_gmt":"2024-03-10T11:42:17","slug":"kontakt","status":"publish","type":"page","link":"https:\/\/stagingphimostop.sansalia.com\/de\/kontakt\/","title":{"rendered":"Kontakt"},"content":{"rendered":"<section class=\"wpb-content-wrapper\"><p>[vc_row full_width=&#8220;stretch_row&#8220; css=&#8220;.vc_custom_1676621647805{margin-bottom: -90px !important;padding-top: 0px !important;padding-bottom: 90px !important;background-color: #f5f5f5 !important;}&#8220;][vc_column width=&#8220;7\/12&#8243;]\t<div class=\"container main-heading-container\">\n\t\t<div class=\"main-title \">\n\t\t\t<h2>Kontaktieren Sie uns!<\/h2><p>Bei allen Fragen zu Phimose oder Phimostop steht Ihnen unser Fachpersonal gerne zur Verf\u00fcgung. Bitte z\u00f6gern Sie nicht, uns \u00fcber das unten stehende Formular zu kontaktieren. Wir stehen zu Ihrer Verf\u00fcgung, um Ihnen die Unterst\u00fctzung und die Antworten zu geben, die Sie brauchen, um die sexuelle Gesundheit zu erreichen, auf die Sie ein Recht haben.<\/p>\t\t<\/div>\n\t<\/div>\n\t[vc_column_text css=&#8220;.vc_custom_1695851734182{padding-right: 15px !important;padding-left: 15px !important;}&#8220;]<small>Die per E-Mail \u00fcbermittelten Daten werden gem\u00e4\u00df Artikel 13 des Gesetzesdekrets Nr. 196 vom 30. Juni 2003 verarbeitet; Nr. 196\/2003, daher:<\/small><\/p>\n<ol style=\"margin-top: -15px;\">\n<li><small>Personenbezogene Daten werden nicht f\u00fcr die Zusendung von Werbematerial, Promotionen und dergleichen verwendet.<\/small><\/li>\n<li><small>Die zur Verf\u00fcgung gestellten Daten werden einzig und allein zu dem Zweck verarbeitet, die angeforderte Dienstleistung bestm\u00f6glich zu erbringen.<\/small><\/li>\n<li><small>Die Daten werden auf folgende Weise verarbeitet: EDV-gest\u00fctzt.<\/small><\/li>\n<li><small>Die Daten werden nicht an Dritte weitergegeben und auch nicht verbreitet.<\/small><\/li>\n<li><small>Die Angabe des Absendernamens beim Versand von E-Mails ist obligatorisch;<\/small><\/li>\n<\/ol>\n<p>[\/vc_column_text][\/vc_column][vc_column width=&#8220;5\/12&#8243;]\t<div class=\"contact-get\">\n\t\t\t\t\t<div class=\"main-title\">\n\t\t\t\t<p>Wenn Sie sich direkt mit uns in Verbindung setzen m\u00f6chten, verwenden Sie bitte die angegebenen Kontaktinformationen, wir werden uns so schnell wie m\u00f6glich bei Ihnen melden. Wir sind immer f\u00fcr Sie da!<\/p>\t\t\t<\/div>\n\t\t\t\t<div class=\"get-in-touch\">\n\t\t\t<div class=\"detail\">\n\t\t\t\t<span><b>Email:<\/b> <a href=\"mailto:customer@phimostop.com\">cust&#111;&#109;e&#114;&#64;ph&#105;mo&#115;top.c&#111;&#109;<\/a><\/span><span><b>Website:<\/b> <a href=\"https:\/\/stagingphimostop.sansalia.com\" target=\"_blank\">https:\/\/stagingphimostop.sansalia.com<\/a><\/span><span><b>Address:<\/b> Via Acusilao, 46, 00124 Roma<\/span>\t\t\t<\/div>\n\t\t\t\t\t<\/div>\n\t<\/div>\n\t[\/vc_column][\/vc_row]<\/p>\n<\/section>","protected":false},"excerpt":{"rendered":"<p>[vc_row full_width=&#8220;stretch_row&#8220; css=&#8220;.vc_custom_1676621647805{margin-bottom: -90px !important;padding-top: 0px !important;padding-bottom: 90px !important;background-color: #f5f5f5 !important;}&#8220;][vc_column width=&#8220;7\/12&#8243;][vc_column_text css=&#8220;.vc_custom_1695851734182{padding-right: 15px !important;padding-left: 15px !important;}&#8220;]Die per E-Mail \u00fcbermittelten Daten werden gem\u00e4\u00df Artikel 13 des Gesetzesdekrets Nr. 196 vom 30. Juni 2003 verarbeitet; Nr. 196\/2003, daher: Personenbezogene Daten werden nicht f\u00fcr die Zusendung von Werbematerial, Promotionen und dergleichen verwendet. Die zur Verf\u00fcgung gestellten Daten werden einzig und allein zu dem Zweck verarbeitet, die angeforderte Dienstleistung bestm\u00f6glich zu erbringen. Die Daten werden auf folgende Weise verarbeitet: EDV-gest\u00fctzt. Die Daten werden nicht an Dritte weitergegeben und auch nicht verbreitet. Die Angabe des Absendernamens beim Versand von E-Mails ist obligatorisch; [\/vc_column_text][\/vc_column][vc_column width=&#8220;5\/12&#8243;][\/vc_column][\/vc_row]<\/p>\n","protected":false},"author":1,"featured_media":0,"parent":0,"menu_order":0,"comment_status":"closed","ping_status":"closed","template":"page-templates\/full-width.php","meta":{"_acf_changed":false,"wl_entities_gutenberg":"","footnotes":""},"wl_entity_type":[128],"class_list":["post-35551","page","type-page","status-publish","hentry","wl_entity_type-article"],"yoast_head":"<!-- This site is optimized with the Yoast SEO plugin v24.6 - https:\/\/yoast.com\/wordpress\/plugins\/seo\/ -->\n<title>Kontakt | Phimostop<\/title>\n<meta name=\"robots\" content=\"index, follow, max-snippet:-1, max-image-preview:large, max-video-preview:-1\" \/>\n<link rel=\"canonical\" href=\"https:\/\/stagingphimostop.sansalia.com\/de\/kontakt\/\" \/>\n<meta property=\"og:locale\" content=\"de_DE\" \/>\n<meta property=\"og:type\" content=\"article\" \/>\n<meta property=\"og:title\" content=\"Kontakt | Phimostop\" \/>\n<meta property=\"og:description\" content=\"[vc_row full_width=&#8220;stretch_row&#8220; css=&#8220;.vc_custom_1676621647805{margin-bottom: -90px !important;padding-top: 0px !important;padding-bottom: 90px !important;background-color: #f5f5f5 !important;}&#8220;][vc_column width=&#8220;7\/12&#8243;][vc_column_text css=&#8220;.vc_custom_1695851734182{padding-right: 15px !important;padding-left: 15px !important;}&#8220;]Die per E-Mail \u00fcbermittelten Daten werden gem\u00e4\u00df Artikel 13 des Gesetzesdekrets Nr. 196 vom 30. Juni 2003 verarbeitet; Nr. 196\/2003, daher: Personenbezogene Daten werden nicht f\u00fcr die Zusendung von Werbematerial, Promotionen und dergleichen verwendet. Die zur Verf\u00fcgung gestellten Daten werden einzig und allein zu dem Zweck verarbeitet, die angeforderte Dienstleistung bestm\u00f6glich zu erbringen. Die Daten werden auf folgende Weise verarbeitet: EDV-gest\u00fctzt. Die Daten werden nicht an Dritte weitergegeben und auch nicht verbreitet. Die Angabe des Absendernamens beim Versand von E-Mails ist obligatorisch; [\/vc_column_text][\/vc_column][vc_column width=&#8220;5\/12&#8243;][\/vc_column][\/vc_row]\" \/>\n<meta property=\"og:url\" content=\"https:\/\/stagingphimostop.sansalia.com\/de\/kontakt\/\" \/>\n<meta property=\"og:site_name\" content=\"Phimostop\" \/>\n<meta property=\"article:publisher\" content=\"https:\/\/www.facebook.com\/phimostop\/\" \/>\n<meta property=\"article:modified_time\" content=\"2024-03-10T11:42:17+00:00\" \/>\n<meta property=\"og:image\" content=\"https:\/\/stagingphimostop.sansalia.com\/wp-content\/uploads\/2023\/02\/phimo-logo-brand.png\" \/>\n\t<meta property=\"og:image:width\" content=\"1788\" \/>\n\t<meta property=\"og:image:height\" content=\"318\" \/>\n\t<meta property=\"og:image:type\" content=\"image\/png\" \/>\n<meta name=\"twitter:card\" content=\"summary_large_image\" \/>\n<meta name=\"twitter:label1\" content=\"Gesch\u00e4tzte Lesezeit\" \/>\n\t<meta name=\"twitter:data1\" content=\"1\u00a0Minute\" \/>\n<script type=\"application\/ld+json\" class=\"yoast-schema-graph\">{\"@context\":\"https:\/\/schema.org\",\"@graph\":[{\"@type\":\"WebPage\",\"@id\":\"https:\/\/stagingphimostop.sansalia.com\/de\/kontakt\/\",\"url\":\"https:\/\/stagingphimostop.sansalia.com\/de\/kontakt\/\",\"name\":\"Kontakt | Phimostop\",\"isPartOf\":{\"@id\":\"https:\/\/stagingphimostop.sansalia.com\/de\/#website\"},\"datePublished\":\"2019-03-07T11:11:33+00:00\",\"dateModified\":\"2024-03-10T11:42:17+00:00\",\"breadcrumb\":{\"@id\":\"https:\/\/stagingphimostop.sansalia.com\/de\/kontakt\/#breadcrumb\"},\"inLanguage\":\"de\",\"potentialAction\":[{\"@type\":\"ReadAction\",\"target\":[\"https:\/\/stagingphimostop.sansalia.com\/de\/kontakt\/\"]}]},{\"@type\":\"BreadcrumbList\",\"@id\":\"https:\/\/stagingphimostop.sansalia.com\/de\/kontakt\/#breadcrumb\",\"itemListElement\":[{\"@type\":\"ListItem\",\"position\":1,\"name\":\"Phimostop\",\"item\":\"https:\/\/stagingphimostop.sansalia.com\/de\/\"},{\"@type\":\"ListItem\",\"position\":2,\"name\":\"Kontakt\"}]},{\"@type\":\"WebSite\",\"@id\":\"https:\/\/stagingphimostop.sansalia.com\/de\/#website\",\"url\":\"https:\/\/stagingphimostop.sansalia.com\/de\/\",\"name\":\"Phimostop\",\"description\":\"\",\"publisher\":{\"@id\":\"https:\/\/stagingphimostop.sansalia.com\/de\/#organization\"},\"potentialAction\":[{\"@type\":\"SearchAction\",\"target\":{\"@type\":\"EntryPoint\",\"urlTemplate\":\"https:\/\/stagingphimostop.sansalia.com\/de\/?s={search_term_string}\"},\"query-input\":{\"@type\":\"PropertyValueSpecification\",\"valueRequired\":true,\"valueName\":\"search_term_string\"}}],\"inLanguage\":\"de\"},{\"@type\":\"Organization\",\"@id\":\"https:\/\/stagingphimostop.sansalia.com\/de\/#organization\",\"name\":\"Phimomed\",\"url\":\"https:\/\/stagingphimostop.sansalia.com\/de\/\",\"logo\":{\"@type\":\"ImageObject\",\"inLanguage\":\"de\",\"@id\":\"https:\/\/stagingphimostop.sansalia.com\/de\/#\/schema\/logo\/image\/\",\"url\":\"https:\/\/stagingphimostop.sansalia.com\/wp-content\/uploads\/2023\/02\/phimo-logo-brand.png\",\"contentUrl\":\"https:\/\/stagingphimostop.sansalia.com\/wp-content\/uploads\/2023\/02\/phimo-logo-brand.png\",\"width\":1788,\"height\":318,\"caption\":\"Phimomed\"},\"image\":{\"@id\":\"https:\/\/stagingphimostop.sansalia.com\/de\/#\/schema\/logo\/image\/\"},\"sameAs\":[\"https:\/\/www.facebook.com\/phimostop\/\"]}]}<\/script>\n<!-- \/ Yoast SEO plugin. -->","yoast_head_json":{"title":"Kontakt | Phimostop","robots":{"index":"index","follow":"follow","max-snippet":"max-snippet:-1","max-image-preview":"max-image-preview:large","max-video-preview":"max-video-preview:-1"},"canonical":"https:\/\/stagingphimostop.sansalia.com\/de\/kontakt\/","og_locale":"de_DE","og_type":"article","og_title":"Kontakt | Phimostop","og_description":"[vc_row full_width=&#8220;stretch_row&#8220; css=&#8220;.vc_custom_1676621647805{margin-bottom: -90px !important;padding-top: 0px !important;padding-bottom: 90px !important;background-color: #f5f5f5 !important;}&#8220;][vc_column width=&#8220;7\/12&#8243;][vc_column_text css=&#8220;.vc_custom_1695851734182{padding-right: 15px !important;padding-left: 15px !important;}&#8220;]Die per E-Mail \u00fcbermittelten Daten werden gem\u00e4\u00df Artikel 13 des Gesetzesdekrets Nr. 196 vom 30. Juni 2003 verarbeitet; Nr. 196\/2003, daher: Personenbezogene Daten werden nicht f\u00fcr die Zusendung von Werbematerial, Promotionen und dergleichen verwendet. Die zur Verf\u00fcgung gestellten Daten werden einzig und allein zu dem Zweck verarbeitet, die angeforderte Dienstleistung bestm\u00f6glich zu erbringen. Die Daten werden auf folgende Weise verarbeitet: EDV-gest\u00fctzt. Die Daten werden nicht an Dritte weitergegeben und auch nicht verbreitet. Die Angabe des Absendernamens beim Versand von E-Mails ist obligatorisch; [\/vc_column_text][\/vc_column][vc_column width=&#8220;5\/12&#8243;][\/vc_column][\/vc_row]","og_url":"https:\/\/stagingphimostop.sansalia.com\/de\/kontakt\/","og_site_name":"Phimostop","article_publisher":"https:\/\/www.facebook.com\/phimostop\/","article_modified_time":"2024-03-10T11:42:17+00:00","og_image":[{"width":1788,"height":318,"url":"https:\/\/stagingphimostop.sansalia.com\/wp-content\/uploads\/2023\/02\/phimo-logo-brand.png","type":"image\/png"}],"twitter_card":"summary_large_image","twitter_misc":{"Gesch\u00e4tzte Lesezeit":"1\u00a0Minute"},"schema":{"@context":"https:\/\/schema.org","@graph":[{"@type":"WebPage","@id":"https:\/\/stagingphimostop.sansalia.com\/de\/kontakt\/","url":"https:\/\/stagingphimostop.sansalia.com\/de\/kontakt\/","name":"Kontakt | Phimostop","isPartOf":{"@id":"https:\/\/stagingphimostop.sansalia.com\/de\/#website"},"datePublished":"2019-03-07T11:11:33+00:00","dateModified":"2024-03-10T11:42:17+00:00","breadcrumb":{"@id":"https:\/\/stagingphimostop.sansalia.com\/de\/kontakt\/#breadcrumb"},"inLanguage":"de","potentialAction":[{"@type":"ReadAction","target":["https:\/\/stagingphimostop.sansalia.com\/de\/kontakt\/"]}]},{"@type":"BreadcrumbList","@id":"https:\/\/stagingphimostop.sansalia.com\/de\/kontakt\/#breadcrumb","itemListElement":[{"@type":"ListItem","position":1,"name":"Phimostop","item":"https:\/\/stagingphimostop.sansalia.com\/de\/"},{"@type":"ListItem","position":2,"name":"Kontakt"}]},{"@type":"WebSite","@id":"https:\/\/stagingphimostop.sansalia.com\/de\/#website","url":"https:\/\/stagingphimostop.sansalia.com\/de\/","name":"Phimostop","description":"","publisher":{"@id":"https:\/\/stagingphimostop.sansalia.com\/de\/#organization"},"potentialAction":[{"@type":"SearchAction","target":{"@type":"EntryPoint","urlTemplate":"https:\/\/stagingphimostop.sansalia.com\/de\/?s={search_term_string}"},"query-input":{"@type":"PropertyValueSpecification","valueRequired":true,"valueName":"search_term_string"}}],"inLanguage":"de"},{"@type":"Organization","@id":"https:\/\/stagingphimostop.sansalia.com\/de\/#organization","name":"Phimomed","url":"https:\/\/stagingphimostop.sansalia.com\/de\/","logo":{"@type":"ImageObject","inLanguage":"de","@id":"https:\/\/stagingphimostop.sansalia.com\/de\/#\/schema\/logo\/image\/","url":"https:\/\/stagingphimostop.sansalia.com\/wp-content\/uploads\/2023\/02\/phimo-logo-brand.png","contentUrl":"https:\/\/stagingphimostop.sansalia.com\/wp-content\/uploads\/2023\/02\/phimo-logo-brand.png","width":1788,"height":318,"caption":"Phimomed"},"image":{"@id":"https:\/\/stagingphimostop.sansalia.com\/de\/#\/schema\/logo\/image\/"},"sameAs":["https:\/\/www.facebook.com\/phimostop\/"]}]}},"_wl_alt_label":[],"acf":[],"jetpack_sharing_enabled":true,"wl:entity_url":"https:\/\/data.wordlift.io\/wl161614\/page\/kontakt","_links":{"self":[{"href":"https:\/\/stagingphimostop.sansalia.com\/de\/wp-json\/wp\/v2\/pages\/35551","targetHints":{"allow":["GET"]}}],"collection":[{"href":"https:\/\/stagingphimostop.sansalia.com\/de\/wp-json\/wp\/v2\/pages"}],"about":[{"href":"https:\/\/stagingphimostop.sansalia.com\/de\/wp-json\/wp\/v2\/types\/page"}],"author":[{"embeddable":true,"href":"https:\/\/stagingphimostop.sansalia.com\/de\/wp-json\/wp\/v2\/users\/1"}],"replies":[{"embeddable":true,"href":"https:\/\/stagingphimostop.sansalia.com\/de\/wp-json\/wp\/v2\/comments?post=35551"}],"version-history":[{"count":15,"href":"https:\/\/stagingphimostop.sansalia.com\/de\/wp-json\/wp\/v2\/pages\/35551\/revisions"}],"predecessor-version":[{"id":43260,"href":"https:\/\/stagingphimostop.sansalia.com\/de\/wp-json\/wp\/v2\/pages\/35551\/revisions\/43260"}],"wp:attachment":[{"href":"https:\/\/stagingphimostop.sansalia.com\/de\/wp-json\/wp\/v2\/media?parent=35551"}],"wp:term":[{"taxonomy":"wl_entity_type","embeddable":true,"href":"https:\/\/stagingphimostop.sansalia.com\/de\/wp-json\/wp\/v2\/wl_entity_type?post=35551"}],"curies":[{"name":"wp","href":"https:\/\/api.w.org\/{rel}","templated":true}]}}